{"id":53,"date":"2025-01-21T13:28:29","date_gmt":"2025-01-21T13:28:29","guid":{"rendered":"https:\/\/help.censorum.dk\/?page_id=53"},"modified":"2025-01-21T13:28:29","modified_gmt":"2025-01-21T13:28:29","slug":"tilknytning-af-udbud-til-enhed","status":"publish","type":"page","link":"https:\/\/help.censorum.dk\/?page_id=53","title":{"rendered":"Tilknytning af udbud til enhed"},"content":{"rendered":"\n<p class=\"has-medium-font-size\">For at tilknytte et udbud skal du starte med at navigere til menuen over enheder. Dette g\u00f8r du ved at \u00e5bne dropdown-menuen &#8220;Administrative v\u00e6rkt\u00f8jer&#8221;. Her kan du finde en oversigt over institutionerne, hvor du kan udvide hver institution for at se de tilknyttede enheder.<\/p>\n\n\n\n<p class=\"has-medium-font-size\">N\u00e5r du har foldet en institution ud, skal du finde den enhed, som udbuddet skal tilknyttes til, og klikke p\u00e5 rediger-knappen ud for den p\u00e5g\u00e6ldende enhed. Dette \u00e5bner redigeringsmenuen, hvor du skal v\u00e6lge fanen &#8220;Uddannelsesudbud&#8221;.<\/p>\n\n\n\n<p class=\"has-medium-font-size\">P\u00e5 denne fane kan du klikke p\u00e5 &#8220;Tilknyt uddannelsesudbud&#8221; for at \u00e5bne en dialogboks. I dialogboksen skal du f\u00f8rst v\u00e6lge et censorkorps og derefter et udbud. N\u00e5r udbuddet er valgt, klikker du p\u00e5 &#8220;Gem&#8221; for at fuldf\u00f8re tilknytningen.<\/p>\n","protected":false},"excerpt":{"rendered":"<p>For at tilknytte et udbud skal du starte med at navigere til menuen over enheder. Dette g\u00f8r du ved at \u00e5bne dropdown-menuen &#8220;Administrative v\u00e6rkt\u00f8jer&#8221;. Her kan du finde en oversigt over institutionerne, hvor du kan udvide hver institution for at se de tilknyttede enheder. N\u00e5r du har foldet en institution ud, skal du finde den &#8230; <a title=\"Tilknytning af udbud til enhed\" class=\"read-more\" href=\"https:\/\/help.censorum.dk\/?page_id=53\" aria-label=\"Read more about Tilknytning af udbud til enhed\">Read more<\/a><\/p>\n","protected":false},"author":3,"featured_media":0,"parent":0,"menu_order":0,"comment_status":"closed","ping_status":"closed","template":"","meta":{"footnotes":""},"class_list":["post-53","page","type-page","status-publish"],"_links":{"self":[{"href":"https:\/\/help.censorum.dk\/index.php?rest_route=\/wp\/v2\/pages\/53","targetHints":{"allow":["GET"]}}],"collection":[{"href":"https:\/\/help.censorum.dk\/index.php?rest_route=\/wp\/v2\/pages"}],"about":[{"href":"https:\/\/help.censorum.dk\/index.php?rest_route=\/wp\/v2\/types\/page"}],"author":[{"embeddable":true,"href":"https:\/\/help.censorum.dk\/index.php?rest_route=\/wp\/v2\/users\/3"}],"replies":[{"embeddable":true,"href":"https:\/\/help.censorum.dk\/index.php?rest_route=%2Fwp%2Fv2%2Fcomments&post=53"}],"version-history":[{"count":1,"href":"https:\/\/help.censorum.dk\/index.php?rest_route=\/wp\/v2\/pages\/53\/revisions"}],"predecessor-version":[{"id":54,"href":"https:\/\/help.censorum.dk\/index.php?rest_route=\/wp\/v2\/pages\/53\/revisions\/54"}],"wp:attachment":[{"href":"https:\/\/help.censorum.dk\/index.php?rest_route=%2Fwp%2Fv2%2Fmedia&parent=53"}],"curies":[{"name":"wp","href":"https:\/\/api.w.org\/{rel}","templated":true}]}}