{"id":506,"date":"2025-04-25T09:31:07","date_gmt":"2025-04-25T09:31:07","guid":{"rendered":"https:\/\/help.censorum.dk\/?page_id=506"},"modified":"2025-09-13T09:02:50","modified_gmt":"2025-09-13T09:02:50","slug":"mine-eksamener-og-beretninger-censor","status":"publish","type":"page","link":"https:\/\/help.censorum.dk\/?page_id=506","title":{"rendered":"Mine eksamener og beretninger"},"content":{"rendered":"\n<p>For at f\u00e5 et overblik over dine eksamener skal du g\u00e5 til siden <strong>&#8220;Mine eksamener&#8221;<\/strong>.<\/p>\n\n\n\n<figure class=\"wp-block-image size-large\"><img loading=\"lazy\" decoding=\"async\" width=\"1024\" height=\"57\" src=\"https:\/\/help.censorum.dk\/wp-content\/uploads\/2025\/04\/CensorMineprover-1024x57.jpg\" alt=\"\" class=\"wp-image-509\" srcset=\"https:\/\/help.censorum.dk\/wp-content\/uploads\/2025\/04\/CensorMineprover-1024x57.jpg 1024w, https:\/\/help.censorum.dk\/wp-content\/uploads\/2025\/04\/CensorMineprover-300x17.jpg 300w, https:\/\/help.censorum.dk\/wp-content\/uploads\/2025\/04\/CensorMineprover-768x42.jpg 768w, https:\/\/help.censorum.dk\/wp-content\/uploads\/2025\/04\/CensorMineprover-1536x85.jpg 1536w, https:\/\/help.censorum.dk\/wp-content\/uploads\/2025\/04\/CensorMineprover.jpg 1884w\" sizes=\"auto, (max-width: 1024px) 100vw, 1024px\" \/><\/figure>\n\n\n\n<p>Her vises tre lister:<\/p>\n\n\n\n<h4 class=\"wp-block-heading\">Tilbudte pr\u00f8ver<\/h4>\n\n\n\n<p>Her kan du se de pr\u00f8ver, hvor du er blevet tilbudt rollen som censor. Det kan enten v\u00e6re:<\/p>\n\n\n\n<ul class=\"wp-block-list\">\n<li>\u00c5bne bestillinger, hvor du selv kan tilmelde dig<\/li>\n\n\n\n<li>Pr\u00f8ver, du har modtaget en direkte invitation til<\/li>\n<\/ul>\n\n\n\n<h4 class=\"wp-block-heading\">Allokerede pr\u00f8ver<\/h4>\n\n\n\n<p>Denne liste viser alle de pr\u00f8ver, hvor du er blevet tildelt som eksaminator eller censor.<\/p>\n\n\n\n<p>N\u00e5r en eksamen er gennemf\u00f8rt, skal du her oprette en <strong>eksamensberetning<\/strong> ved at klikke p\u00e5 knappen <em>&#8220;Opret eksamensberetning&#8221;<\/em>. Du vil blive sendt videre til en side med en formular, som skal udfyldes.<\/p>\n\n\n\n<figure class=\"wp-block-image size-large\"><img loading=\"lazy\" decoding=\"async\" width=\"1024\" height=\"306\" src=\"https:\/\/help.censorum.dk\/wp-content\/uploads\/2025\/04\/AllokeretEksaminator-1024x306.jpg\" alt=\"\" class=\"wp-image-501\" srcset=\"https:\/\/help.censorum.dk\/wp-content\/uploads\/2025\/04\/AllokeretEksaminator-1024x306.jpg 1024w, https:\/\/help.censorum.dk\/wp-content\/uploads\/2025\/04\/AllokeretEksaminator-300x90.jpg 300w, https:\/\/help.censorum.dk\/wp-content\/uploads\/2025\/04\/AllokeretEksaminator-768x230.jpg 768w, https:\/\/help.censorum.dk\/wp-content\/uploads\/2025\/04\/AllokeretEksaminator-1536x460.jpg 1536w, https:\/\/help.censorum.dk\/wp-content\/uploads\/2025\/04\/AllokeretEksaminator.jpg 1868w\" sizes=\"auto, (max-width: 1024px) 100vw, 1024px\" \/><\/figure>\n\n\n\n<p>Formularens indhold afh\u00e6nger af det censorkorps, bestillingen tilh\u00f8rer, men standardversionen indeholder typisk f\u00f8lgende sp\u00f8rgsm\u00e5l:<\/p>\n\n\n\n<p>For censor:<\/p>\n\n\n\n<ul class=\"wp-block-list\">\n<li>Er pr\u00f8veformen velegnet til at teste l\u00e6ringsm\u00e5lene?<\/li>\n\n\n\n<li>Tog udpr\u00f8vningen udgangspunkt i l\u00e6ringsm\u00e5lene?<\/li>\n\n\n\n<li>Svarede pr\u00f8vens niveau til kvalifikationsrammen?<\/li>\n\n\n\n<li>Var pr\u00f8vens indhold relevant for aftagerne?<\/li>\n\n\n\n<li>Blev pr\u00f8ven gennemf\u00f8rt p\u00e5 en velfungerende m\u00e5de?<\/li>\n\n\n\n<li>Var der enighed mellem dig og eksaminator om bed\u00f8mmelsen?<\/li>\n\n\n\n<li>Var information om pr\u00f8vens formelle rammer fyldestg\u00f8rende?<\/li>\n\n\n\n<li>Har samarbejdet med eksaminator og institutionen v\u00e6ret godt?<\/li>\n\n\n\n<li>Var pr\u00f8vens gennemf\u00f8relse samlet set tilfredsstillende?<\/li>\n\n\n\n<li>Hvilke faglige dr\u00f8ftelser havde I i l\u00f8bet af dagen? <em>(kommentarfelt)<\/em><\/li>\n<\/ul>\n\n\n\n<p>For eksaminator:<\/p>\n\n\n\n<ul class=\"wp-block-list\">\n<li>Var der en forventningsafstemning mellem dig og censor?<\/li>\n\n\n\n<li>Var censors forberedelse tilfredsstillende?<\/li>\n\n\n\n<li>Var censors faglige kompetencer relevante?<\/li>\n\n\n\n<li>Var I enige om bed\u00f8mmelsen af de studerende?<\/li>\n\n\n\n<li>Tog censor noter under pr\u00f8ven?<\/li>\n\n\n\n<li>Medvirkede censor til at overholde tidsplanen?<\/li>\n\n\n\n<li>Var censors adf\u00e6rd og kommunikation tilfredsstillende?<\/li>\n\n\n\n<li>Havde censor forst\u00e5et sin rolle?<\/li>\n\n\n\n<li>Var samarbejdet tilfredsstillende?<\/li>\n\n\n\n<li>Var pr\u00f8vens gennemf\u00f8relse samlet set tilfredsstillende?<\/li>\n\n\n\n<li>Hvilke faglige dr\u00f8ftelser havde I undervejs? <em>(kommentarfelt)<\/em><\/li>\n<\/ul>\n\n\n\n<p>N\u00e5r du har udfyldt formularen, klikker du p\u00e5 <strong>&#8220;Gem&#8221;<\/strong>.<\/p>\n\n\n\n<figure class=\"wp-block-image size-full is-resized\"><img loading=\"lazy\" decoding=\"async\" width=\"849\" height=\"810\" src=\"https:\/\/help.censorum.dk\/wp-content\/uploads\/2025\/04\/Censorberetning2.jpg\" alt=\"\" class=\"wp-image-502\" style=\"width:730px;height:auto\" srcset=\"https:\/\/help.censorum.dk\/wp-content\/uploads\/2025\/04\/Censorberetning2.jpg 849w, https:\/\/help.censorum.dk\/wp-content\/uploads\/2025\/04\/Censorberetning2-300x286.jpg 300w, https:\/\/help.censorum.dk\/wp-content\/uploads\/2025\/04\/Censorberetning2-768x733.jpg 768w\" sizes=\"auto, (max-width: 849px) 100vw, 849px\" \/><\/figure>\n\n\n\n<p>S\u00e5 er beretningen registreret, og pr\u00f8ven flyttes automatisk til fanen <em>Tidligere pr\u00f8ver<\/em>.<\/p>\n\n\n\n<h4 class=\"wp-block-heading\">Tidligere pr\u00f8ver<\/h4>\n\n\n\n<p>Her kan du se pr\u00f8ver, du tidligere har v\u00e6ret tilknyttet.<br>Hvis der st\u00e5r <em>&#8220;Indsendt&#8221;<\/em> ved en eksamensberetning, betyder det, at du har deltaget i eksamenen og har indsendt den tilh\u00f8rende beretning.<\/p>\n\n\n\n<figure class=\"wp-block-image size-large\"><img loading=\"lazy\" decoding=\"async\" width=\"1024\" height=\"142\" src=\"https:\/\/help.censorum.dk\/wp-content\/uploads\/2025\/04\/Tidligere-prover-1024x142.jpg\" alt=\"\" class=\"wp-image-499\" srcset=\"https:\/\/help.censorum.dk\/wp-content\/uploads\/2025\/04\/Tidligere-prover-1024x142.jpg 1024w, https:\/\/help.censorum.dk\/wp-content\/uploads\/2025\/04\/Tidligere-prover-300x42.jpg 300w, https:\/\/help.censorum.dk\/wp-content\/uploads\/2025\/04\/Tidligere-prover-768x106.jpg 768w, https:\/\/help.censorum.dk\/wp-content\/uploads\/2025\/04\/Tidligere-prover-1536x213.jpg 1536w, https:\/\/help.censorum.dk\/wp-content\/uploads\/2025\/04\/Tidligere-prover.jpg 1861w\" sizes=\"auto, (max-width: 1024px) 100vw, 1024px\" \/><\/figure>\n","protected":false},"excerpt":{"rendered":"<p>For at f\u00e5 et overblik over dine eksamener skal du g\u00e5 til siden &#8220;Mine eksamener&#8221;. Her vises tre lister: Tilbudte pr\u00f8ver Her kan du se de pr\u00f8ver, hvor du er blevet tilbudt rollen som censor. Det kan enten v\u00e6re: Allokerede pr\u00f8ver Denne liste viser alle de pr\u00f8ver, hvor du er blevet tildelt som eksaminator eller &#8230; <a title=\"Mine eksamener og beretninger\" class=\"read-more\" href=\"https:\/\/help.censorum.dk\/?page_id=506\" aria-label=\"Read more about Mine eksamener og beretninger\">Read more<\/a><\/p>\n","protected":false},"author":3,"featured_media":0,"parent":0,"menu_order":0,"comment_status":"closed","ping_status":"closed","template":"","meta":{"footnotes":""},"class_list":["post-506","page","type-page","status-publish"],"_links":{"self":[{"href":"https:\/\/help.censorum.dk\/index.php?rest_route=\/wp\/v2\/pages\/506","targetHints":{"allow":["GET"]}}],"collection":[{"href":"https:\/\/help.censorum.dk\/index.php?rest_route=\/wp\/v2\/pages"}],"about":[{"href":"https:\/\/help.censorum.dk\/index.php?rest_route=\/wp\/v2\/types\/page"}],"author":[{"embeddable":true,"href":"https:\/\/help.censorum.dk\/index.php?rest_route=\/wp\/v2\/users\/3"}],"replies":[{"embeddable":true,"href":"https:\/\/help.censorum.dk\/index.php?rest_route=%2Fwp%2Fv2%2Fcomments&post=506"}],"version-history":[{"count":2,"href":"https:\/\/help.censorum.dk\/index.php?rest_route=\/wp\/v2\/pages\/506\/revisions"}],"predecessor-version":[{"id":654,"href":"https:\/\/help.censorum.dk\/index.php?rest_route=\/wp\/v2\/pages\/506\/revisions\/654"}],"wp:attachment":[{"href":"https:\/\/help.censorum.dk\/index.php?rest_route=%2Fwp%2Fv2%2Fmedia&parent=506"}],"curies":[{"name":"wp","href":"https:\/\/api.w.org\/{rel}","templated":true}]}}