{"id":49,"date":"2025-01-21T13:27:21","date_gmt":"2025-01-21T13:27:21","guid":{"rendered":"https:\/\/help.censorum.dk\/?p=49"},"modified":"2025-01-21T13:27:22","modified_gmt":"2025-01-21T13:27:22","slug":"oprettelse-af-eksaminator-pa-enhed","status":"publish","type":"page","link":"https:\/\/help.censorum.dk\/?page_id=49","title":{"rendered":"Oprettelse af eksaminator p\u00e5 enhed"},"content":{"rendered":"\n<p class=\"has-medium-font-size\">For at oprette en eksaminator skal du starte med at navigere til menuen over enheder. Dette g\u00f8r du ved at \u00e5bne dropdown-menuen &#8220;Administrative v\u00e6rkt\u00f8jer&#8221;. Her finder du en oversigt over institutionerne, hvor du kan udvide hver institution for at se de tilknyttede enheder.<\/p>\n\n\n\n<p class=\"has-medium-font-size\">N\u00e5r du har foldet en institution ud, skal du finde den enhed, som eksaminatoren skal tilknyttes, og klikke p\u00e5 rediger-knappen ud for den p\u00e5g\u00e6ldende enhed. Dette \u00e5bner redigeringsmenuen, hvor du skal navigere til fanen &#8220;Eksaminator&#8221;.<\/p>\n\n\n\n<p class=\"has-medium-font-size\">P\u00e5 denne fane kan du klikke p\u00e5 &#8220;Tilf\u00f8j eksaminator&#8221; for at \u00e5bne en dialogboks. I dialogboksen skal du starte med at finde den eksaminator, du \u00f8nsker at tilf\u00f8je, ved at s\u00f8ge p\u00e5 vedkommendes CPR-nummer. N\u00e5r du har valgt eksaminatoren, skal du klikke p\u00e5 &#8220;N\u00e6ste&#8221; for at forts\u00e6tte.<\/p>\n\n\n\n<p class=\"has-medium-font-size\">Herefter skal du indtaste eksaminatorens oplysninger, herunder fornavn, efternavn, land, adresse, postnummer, by, telefonnummer og e-mail. Det er valgfrit at tilf\u00f8je et sekund\u00e6rt telefonnummer og et profilbillede. Du skal ogs\u00e5 angive, hvilke sprog eksaminatoren kan eksaminere p\u00e5, og bem\u00e6rk, at der kan v\u00e6lges flere sprog i dropdown-menuen. N\u00e5r disse oplysninger er udfyldt, skal du klikke p\u00e5 &#8220;N\u00e6ste&#8221; igen.<\/p>\n\n\n\n<p class=\"has-medium-font-size\">Til sidst skal du v\u00e6lge, hvilken enhed eksaminatoren skal tilknyttes, og indtaste enhedens kontaktoplysninger, herunder e-mail og telefonnummer. N\u00e5r alt er korrekt udfyldt, skal du klikke p\u00e5 &#8220;Complete&#8221;. Herefter vil den nye eksaminator v\u00e6re oprettet og tilknyttet den valgte enhed.<\/p>\n","protected":false},"excerpt":{"rendered":"<p>For at oprette en eksaminator skal du starte med at navigere til menuen over enheder. Dette g\u00f8r du ved at \u00e5bne dropdown-menuen &#8220;Administrative v\u00e6rkt\u00f8jer&#8221;. Her finder du en oversigt over institutionerne, hvor du kan udvide hver institution for at se de tilknyttede enheder. N\u00e5r du har foldet en institution ud, skal du finde den enhed, &#8230; <a title=\"Oprettelse af eksaminator p\u00e5 enhed\" class=\"read-more\" href=\"https:\/\/help.censorum.dk\/?page_id=49\" aria-label=\"Read more about Oprettelse af eksaminator p\u00e5 enhed\">Read more<\/a><\/p>\n","protected":false},"author":3,"featured_media":0,"parent":0,"menu_order":0,"comment_status":"open","ping_status":"open","template":"","meta":{"footnotes":""},"class_list":["post-49","page","type-page","status-publish"],"_links":{"self":[{"href":"https:\/\/help.censorum.dk\/index.php?rest_route=\/wp\/v2\/pages\/49","targetHints":{"allow":["GET"]}}],"collection":[{"href":"https:\/\/help.censorum.dk\/index.php?rest_route=\/wp\/v2\/pages"}],"about":[{"href":"https:\/\/help.censorum.dk\/index.php?rest_route=\/wp\/v2\/types\/page"}],"author":[{"embeddable":true,"href":"https:\/\/help.censorum.dk\/index.php?rest_route=\/wp\/v2\/users\/3"}],"replies":[{"embeddable":true,"href":"https:\/\/help.censorum.dk\/index.php?rest_route=%2Fwp%2Fv2%2Fcomments&post=49"}],"version-history":[{"count":1,"href":"https:\/\/help.censorum.dk\/index.php?rest_route=\/wp\/v2\/pages\/49\/revisions"}],"predecessor-version":[{"id":50,"href":"https:\/\/help.censorum.dk\/index.php?rest_route=\/wp\/v2\/pages\/49\/revisions\/50"}],"wp:attachment":[{"href":"https:\/\/help.censorum.dk\/index.php?rest_route=%2Fwp%2Fv2%2Fmedia&parent=49"}],"curies":[{"name":"wp","href":"https:\/\/api.w.org\/{rel}","templated":true}]}}