{"id":486,"date":"2025-04-25T08:19:02","date_gmt":"2025-04-25T08:19:02","guid":{"rendered":"https:\/\/help.censorum.dk\/?page_id=486"},"modified":"2026-03-16T13:25:53","modified_gmt":"2026-03-16T13:25:53","slug":"eksaminatorer","status":"publish","type":"page","link":"https:\/\/help.censorum.dk\/?page_id=486","title":{"rendered":"Eksaminatorer"},"content":{"rendered":"\n<p>Under hovedmenupunktet <em>Eksaminatorer <\/em>h\u00e5ndterer vi de oprettelsen af eksaminatorer samt mulighed for at \u00e6ndre i eksisterende eksaminatorer.<\/p>\n\n\n<div class=\"wp-block-image\">\n<figure class=\"aligncenter size-large\"><img loading=\"lazy\" decoding=\"async\" width=\"1024\" height=\"94\" src=\"https:\/\/help.censorum.dk\/wp-content\/uploads\/2026\/03\/image-27-1024x94.png\" alt=\"\" class=\"wp-image-736\" srcset=\"https:\/\/help.censorum.dk\/wp-content\/uploads\/2026\/03\/image-27-1024x94.png 1024w, https:\/\/help.censorum.dk\/wp-content\/uploads\/2026\/03\/image-27-300x27.png 300w, https:\/\/help.censorum.dk\/wp-content\/uploads\/2026\/03\/image-27-768x70.png 768w, https:\/\/help.censorum.dk\/wp-content\/uploads\/2026\/03\/image-27-1536x140.png 1536w, https:\/\/help.censorum.dk\/wp-content\/uploads\/2026\/03\/image-27.png 1883w\" sizes=\"auto, (max-width: 1024px) 100vw, 1024px\" \/><\/figure>\n<\/div>\n\n\n<h2 class=\"wp-block-heading\">Information og s\u00f8gemuligheder<\/h2>\n\n\n\n<p>N\u00e5r du \u00e5bner eksaminatormenuen, f\u00e5r du vist en liste over alle eksaminatorer samt de eksaminatorer, der tilh\u00f8rer de enheder, du har adgang til. P\u00e5 listen vises fire kolonner: <strong>#<\/strong>, <strong>Navn<\/strong>, <strong>Enheder<\/strong> og <strong>Nyeste eksamensdage<\/strong>.<\/p>\n\n\n\n<p>Hvis du \u00f8nsker at finde en specifik eksaminator, kan du s\u00f8ge efter enten navn eller den enhed, personen er tilknyttet. Dette g\u00f8res ved at klikke p\u00e5 <strong>filterfunktionen<\/strong> ved siden af kolonnerne <strong>Navn<\/strong> eller <strong>Enheder<\/strong>.<\/p>\n\n\n<div class=\"wp-block-image\">\n<figure class=\"aligncenter size-large\"><img loading=\"lazy\" decoding=\"async\" width=\"1024\" height=\"193\" src=\"https:\/\/help.censorum.dk\/wp-content\/uploads\/2026\/03\/image-25-1024x193.png\" alt=\"\" class=\"wp-image-734\" srcset=\"https:\/\/help.censorum.dk\/wp-content\/uploads\/2026\/03\/image-25-1024x193.png 1024w, https:\/\/help.censorum.dk\/wp-content\/uploads\/2026\/03\/image-25-300x56.png 300w, https:\/\/help.censorum.dk\/wp-content\/uploads\/2026\/03\/image-25-768x145.png 768w, https:\/\/help.censorum.dk\/wp-content\/uploads\/2026\/03\/image-25-1536x289.png 1536w, https:\/\/help.censorum.dk\/wp-content\/uploads\/2026\/03\/image-25.png 1886w\" sizes=\"auto, (max-width: 1024px) 100vw, 1024px\" \/><\/figure>\n<\/div>\n\n\n<h2 class=\"wp-block-heading\">Oprettelse af ny eksaminator<\/h2>\n\n\n\n<p>For at oprette en eksaminator skal du klikke p\u00e5 den bl\u00e5 knap <strong>Opret eksaminator<\/strong>.<\/p>\n\n\n<div class=\"wp-block-image\">\n<figure class=\"aligncenter size-large\"><img loading=\"lazy\" decoding=\"async\" width=\"1024\" height=\"69\" src=\"https:\/\/help.censorum.dk\/wp-content\/uploads\/2026\/03\/image-24-1024x69.png\" alt=\"\" class=\"wp-image-733\" srcset=\"https:\/\/help.censorum.dk\/wp-content\/uploads\/2026\/03\/image-24-1024x69.png 1024w, https:\/\/help.censorum.dk\/wp-content\/uploads\/2026\/03\/image-24-300x20.png 300w, https:\/\/help.censorum.dk\/wp-content\/uploads\/2026\/03\/image-24-768x52.png 768w, https:\/\/help.censorum.dk\/wp-content\/uploads\/2026\/03\/image-24-1536x104.png 1536w, https:\/\/help.censorum.dk\/wp-content\/uploads\/2026\/03\/image-24.png 1878w\" sizes=\"auto, (max-width: 1024px) 100vw, 1024px\" \/><\/figure>\n<\/div>\n\n\n<p>Dette \u00e5bner en pop-up, hvor du skal indtaste <strong>Email<\/strong> p\u00e5 den nye eksaminator samt v\u00e6lge den <strong>Enhed<\/strong>, som personen skal tilknyttes. N\u00e5r oplysningerne er indtastet, klikker du p\u00e5 <strong>Opret eksaminator<\/strong>.<\/p>\n\n\n<div class=\"wp-block-image\">\n<figure class=\"aligncenter size-full\"><img loading=\"lazy\" decoding=\"async\" width=\"451\" height=\"387\" src=\"https:\/\/help.censorum.dk\/wp-content\/uploads\/2026\/03\/image-23.png\" alt=\"\" class=\"wp-image-732\" srcset=\"https:\/\/help.censorum.dk\/wp-content\/uploads\/2026\/03\/image-23.png 451w, https:\/\/help.censorum.dk\/wp-content\/uploads\/2026\/03\/image-23-300x257.png 300w\" sizes=\"auto, (max-width: 451px) 100vw, 451px\" \/><\/figure>\n<\/div>\n\n\n<p>Herefter er din opgave som eksamensplanl\u00e6gger afsluttet. Den inviterede person vil blive tilf\u00f8jet til listen over eksaminatorer med status <strong>Inviteret<\/strong>.<\/p>\n\n\n<div class=\"wp-block-image\">\n<figure class=\"aligncenter size-large\"><img loading=\"lazy\" decoding=\"async\" width=\"1024\" height=\"120\" src=\"https:\/\/help.censorum.dk\/wp-content\/uploads\/2026\/03\/image-30-1024x120.png\" alt=\"\" class=\"wp-image-748\" srcset=\"https:\/\/help.censorum.dk\/wp-content\/uploads\/2026\/03\/image-30-1024x120.png 1024w, https:\/\/help.censorum.dk\/wp-content\/uploads\/2026\/03\/image-30-300x35.png 300w, https:\/\/help.censorum.dk\/wp-content\/uploads\/2026\/03\/image-30-768x90.png 768w, https:\/\/help.censorum.dk\/wp-content\/uploads\/2026\/03\/image-30-1536x181.png 1536w, https:\/\/help.censorum.dk\/wp-content\/uploads\/2026\/03\/image-30.png 1887w\" sizes=\"auto, (max-width: 1024px) 100vw, 1024px\" \/><\/figure>\n<\/div>\n\n\n<p>Det er endnu ikke muligt at tilf\u00f8je personen til bestillinger p\u00e5 dette tidspunkt. Den inviterede eksaminator skal f\u00f8rst \u00e5bne invitationen i sin e-mail og udfylde de n\u00f8dvendige oplysninger. N\u00e5r dette er gennemf\u00f8rt, vil eksaminatoren kunne tilf\u00f8jes til bestillinger i systemet.<\/p>\n\n\n\n<h2 class=\"wp-block-heading\">Fjern Eksaminator<\/h2>\n\n\n\n<p>For at slette eksaminatorer skal du f\u00f8rst finde den eller de eksaminatorer, du \u00f8nsker at fjerne, i listen over eksaminatorer.<\/p>\n\n\n\n<p>Til venstre for eksaminatorens <strong>ID-nummer<\/strong> findes en <strong>checkboks<\/strong>. Mark\u00e9r checkboksen ud for den eksaminator, du vil slette. N\u00e5r en eller flere eksaminatorer er markeret, bliver det muligt at klikke p\u00e5 den bl\u00e5 knap <strong>Fjern<\/strong>.<\/p>\n\n\n\n<p>Du kan ogs\u00e5 markere alle eksaminatorer p\u00e5 listen ved at v\u00e6lge checkboksen \u00f8verst i tabellen. Dette g\u00f8r det muligt at fjerne alle eksaminatorer p\u00e5 \u00e9n gang.<\/p>\n\n\n\n<p>Denne funktion kan for eksempel v\u00e6re nyttig, hvis du skal fjerne alle eksaminatorer fra en bestemt enhed. I s\u00e5 fald kan du bruge <strong>filterfunktionen<\/strong> ved siden af kolonnenavnet <strong>Enheder<\/strong> til at filtrere listen efter den relevante enhed. N\u00e5r listen er filtreret, kan du markere checkboksen \u00f8verst til venstre for at v\u00e6lge alle viste eksaminatorer og derefter klikke p\u00e5 <strong>Fjern<\/strong>.<\/p>\n\n\n<div class=\"wp-block-image\">\n<figure class=\"aligncenter size-large\"><img loading=\"lazy\" decoding=\"async\" width=\"1024\" height=\"196\" src=\"https:\/\/help.censorum.dk\/wp-content\/uploads\/2026\/03\/image-26-1024x196.png\" alt=\"\" class=\"wp-image-735\" srcset=\"https:\/\/help.censorum.dk\/wp-content\/uploads\/2026\/03\/image-26-1024x196.png 1024w, https:\/\/help.censorum.dk\/wp-content\/uploads\/2026\/03\/image-26-300x58.png 300w, https:\/\/help.censorum.dk\/wp-content\/uploads\/2026\/03\/image-26-768x147.png 768w, https:\/\/help.censorum.dk\/wp-content\/uploads\/2026\/03\/image-26-1536x294.png 1536w, https:\/\/help.censorum.dk\/wp-content\/uploads\/2026\/03\/image-26.png 1883w\" sizes=\"auto, (max-width: 1024px) 100vw, 1024px\" \/><\/figure>\n<\/div>\n\n\n<p><\/p>\n","protected":false},"excerpt":{"rendered":"<p>Under hovedmenupunktet Eksaminatorer h\u00e5ndterer vi de oprettelsen af eksaminatorer samt mulighed for at \u00e6ndre i eksisterende eksaminatorer. Information og s\u00f8gemuligheder N\u00e5r du \u00e5bner eksaminatormenuen, f\u00e5r du vist en liste over alle eksaminatorer samt de eksaminatorer, der tilh\u00f8rer de enheder, du har adgang til. P\u00e5 listen vises fire kolonner: #, Navn, Enheder og Nyeste eksamensdage. Hvis &#8230; <a title=\"Eksaminatorer\" class=\"read-more\" href=\"https:\/\/help.censorum.dk\/?page_id=486\" aria-label=\"Read more about Eksaminatorer\">Read more<\/a><\/p>\n","protected":false},"author":3,"featured_media":0,"parent":0,"menu_order":0,"comment_status":"closed","ping_status":"closed","template":"","meta":{"footnotes":""},"class_list":["post-486","page","type-page","status-publish"],"_links":{"self":[{"href":"https:\/\/help.censorum.dk\/index.php?rest_route=\/wp\/v2\/pages\/486","targetHints":{"allow":["GET"]}}],"collection":[{"href":"https:\/\/help.censorum.dk\/index.php?rest_route=\/wp\/v2\/pages"}],"about":[{"href":"https:\/\/help.censorum.dk\/index.php?rest_route=\/wp\/v2\/types\/page"}],"author":[{"embeddable":true,"href":"https:\/\/help.censorum.dk\/index.php?rest_route=\/wp\/v2\/users\/3"}],"replies":[{"embeddable":true,"href":"https:\/\/help.censorum.dk\/index.php?rest_route=%2Fwp%2Fv2%2Fcomments&post=486"}],"version-history":[{"count":14,"href":"https:\/\/help.censorum.dk\/index.php?rest_route=\/wp\/v2\/pages\/486\/revisions"}],"predecessor-version":[{"id":770,"href":"https:\/\/help.censorum.dk\/index.php?rest_route=\/wp\/v2\/pages\/486\/revisions\/770"}],"wp:attachment":[{"href":"https:\/\/help.censorum.dk\/index.php?rest_route=%2Fwp%2Fv2%2Fmedia&parent=486"}],"curies":[{"name":"wp","href":"https:\/\/api.w.org\/{rel}","templated":true}]}}