{"id":47,"date":"2025-01-21T13:27:07","date_gmt":"2025-01-21T13:27:07","guid":{"rendered":"https:\/\/help.censorum.dk\/?p=47"},"modified":"2025-01-21T13:27:08","modified_gmt":"2025-01-21T13:27:08","slug":"oprettelse-af-eksamensted-pa-enhed","status":"publish","type":"page","link":"https:\/\/help.censorum.dk\/?page_id=47","title":{"rendered":"Oprettelse af eksamensted p\u00e5 enhed"},"content":{"rendered":"\n<p class=\"has-medium-font-size\">For at oprette et eksamenssted skal du starte med at navigere til menuen over enheder. Dette g\u00f8r du ved at \u00e5bne dropdown-menuen &#8220;Administrative v\u00e6rkt\u00f8jer&#8221;. Her finder du en oversigt over institutionerne, hvor du kan udvide hver institution for at se de tilknyttede enheder.<\/p>\n\n\n\n<p class=\"has-medium-font-size\">N\u00e5r du har foldet en institution ud, skal du finde den enhed, som eksamensstedet skal oprettes til, og klikke p\u00e5 rediger-knappen ud for den p\u00e5g\u00e6ldende enhed. Dette \u00e5bner redigeringsmenuen, hvor du skal navigere til fanen &#8220;Eksamenssted&#8221;.<\/p>\n\n\n\n<p class=\"has-medium-font-size\">P\u00e5 denne fane kan du klikke p\u00e5 &#8220;Opret eksamenssted&#8221; for at \u00e5bne en dialogboks. I dialogboksen skal du indtaste navnet, adressen, byen samt postnummeret for det nye eksamenssted. Derudover har du mulighed for at tilf\u00f8je en note, hvis det er relevant. N\u00e5r alle oplysninger er udfyldt, skal du klikke p\u00e5 &#8220;Opret eksamenssted&#8221; for at fuldf\u00f8re oprettelsen.<\/p>\n","protected":false},"excerpt":{"rendered":"<p>For at oprette et eksamenssted skal du starte med at navigere til menuen over enheder. Dette g\u00f8r du ved at \u00e5bne dropdown-menuen &#8220;Administrative v\u00e6rkt\u00f8jer&#8221;. Her finder du en oversigt over institutionerne, hvor du kan udvide hver institution for at se de tilknyttede enheder. N\u00e5r du har foldet en institution ud, skal du finde den enhed, &#8230; <a title=\"Oprettelse af eksamensted p\u00e5 enhed\" class=\"read-more\" href=\"https:\/\/help.censorum.dk\/?page_id=47\" aria-label=\"Read more about Oprettelse af eksamensted p\u00e5 enhed\">Read more<\/a><\/p>\n","protected":false},"author":3,"featured_media":0,"parent":0,"menu_order":0,"comment_status":"open","ping_status":"open","template":"","meta":{"footnotes":""},"class_list":["post-47","page","type-page","status-publish"],"_links":{"self":[{"href":"https:\/\/help.censorum.dk\/index.php?rest_route=\/wp\/v2\/pages\/47","targetHints":{"allow":["GET"]}}],"collection":[{"href":"https:\/\/help.censorum.dk\/index.php?rest_route=\/wp\/v2\/pages"}],"about":[{"href":"https:\/\/help.censorum.dk\/index.php?rest_route=\/wp\/v2\/types\/page"}],"author":[{"embeddable":true,"href":"https:\/\/help.censorum.dk\/index.php?rest_route=\/wp\/v2\/users\/3"}],"replies":[{"embeddable":true,"href":"https:\/\/help.censorum.dk\/index.php?rest_route=%2Fwp%2Fv2%2Fcomments&post=47"}],"version-history":[{"count":1,"href":"https:\/\/help.censorum.dk\/index.php?rest_route=\/wp\/v2\/pages\/47\/revisions"}],"predecessor-version":[{"id":48,"href":"https:\/\/help.censorum.dk\/index.php?rest_route=\/wp\/v2\/pages\/47\/revisions\/48"}],"wp:attachment":[{"href":"https:\/\/help.censorum.dk\/index.php?rest_route=%2Fwp%2Fv2%2Fmedia&parent=47"}],"curies":[{"name":"wp","href":"https:\/\/api.w.org\/{rel}","templated":true}]}}