{"id":461,"date":"2025-04-25T07:18:56","date_gmt":"2025-04-25T07:18:56","guid":{"rendered":"https:\/\/help.censorum.dk\/?page_id=461"},"modified":"2026-03-13T14:26:20","modified_gmt":"2026-03-13T14:26:20","slug":"censorledelse-bestilling","status":"publish","type":"page","link":"https:\/\/help.censorum.dk\/?page_id=461","title":{"rendered":"Bestillinger"},"content":{"rendered":"\n<p>N\u00e5r du \u00e5bner <strong>Bestillinger<\/strong>, vises en liste over alle de bestillinger, du har adgang til.<\/p>\n\n\n\n<p>\u00d8verst p\u00e5 siden har du mulighed for at filtrere visningen ved hj\u00e6lp af f\u00f8lgende indstillinger:<\/p>\n\n\n\n<ul class=\"wp-block-list\">\n<li><strong>Vis kun mine bestillinger<\/strong> \u2013 viser kun de bestillinger, du selv har oprettet.<\/li>\n\n\n\n<li><strong>Vis kun aktive<\/strong> \u2013 viser kun fremtidige bestillinger og skjuler bestillinger, der allerede er afsluttet.<\/li>\n\n\n\n<li><strong>Vis avancerede filtre<\/strong> &#8211; Her kan du anvende eller oprette avancerede filtre for at afgr\u00e6nse din s\u00f8gning yderligere. Funktionen gennemg\u00e5s senere i guiden, efter at de \u00f8vrige informationer og s\u00f8gemuligheder er blevet beskrevet.<\/li>\n<\/ul>\n\n\n\n<p>Listen over bestillinger vises i en tabel, som er opdelt i f\u00f8lgende kolonner: <strong>#<\/strong>, <strong>Navn<\/strong>, <strong>Uddannelsesudbud<\/strong>, <strong>Status<\/strong> og <strong>Pr\u00f8vedato(er)<\/strong>. Til h\u00f8jre for kolonnenavnene findes et <strong>filterikon<\/strong>, som g\u00f8r det muligt at filtrere og s\u00f8ge efter specifikke bestillinger.<\/p>\n\n\n<div class=\"wp-block-image\">\n<figure class=\"aligncenter size-large\"><img loading=\"lazy\" decoding=\"async\" width=\"1024\" height=\"102\" src=\"https:\/\/help.censorum.dk\/wp-content\/uploads\/2026\/03\/image-31-1024x102.png\" alt=\"\" class=\"wp-image-757\" srcset=\"https:\/\/help.censorum.dk\/wp-content\/uploads\/2026\/03\/image-31-1024x102.png 1024w, https:\/\/help.censorum.dk\/wp-content\/uploads\/2026\/03\/image-31-300x30.png 300w, https:\/\/help.censorum.dk\/wp-content\/uploads\/2026\/03\/image-31-768x77.png 768w, https:\/\/help.censorum.dk\/wp-content\/uploads\/2026\/03\/image-31-1536x154.png 1536w, https:\/\/help.censorum.dk\/wp-content\/uploads\/2026\/03\/image-31.png 1889w\" sizes=\"auto, (max-width: 1024px) 100vw, 1024px\" \/><\/figure>\n<\/div>\n\n\n<p><strong>#<\/strong> \u2013 Viser pr\u00f8vens ID-nummer. ID-nummeret tildeles automatisk i kronologisk r\u00e6kkef\u00f8lge, n\u00e5r bestillingen oprettes, og kan ikke \u00e6ndres manuelt. Via filterfunktionen kan du s\u00f8ge efter et specifikt ID-nummer.<\/p>\n\n\n\n<p><strong>Navn<\/strong> \u2013 Viser navnet p\u00e5 bestillingen, som angives af eksamensplanl\u00e6ggeren ved oprettelsen. Under navnet vises ogs\u00e5 oplysninger om <strong>enhed<\/strong>, <strong>antal eksaminander<\/strong> samt den <strong>tildelte censornorm<\/strong>. Via filterfunktionen kan du s\u00f8ge efter et specifikt navn.<\/p>\n\n\n\n<p><strong>Uddannelsesudbud<\/strong> \u2013 Her kan du se, hvilket uddannelsesudbud bestillingen er knyttet til. Det fremg\u00e5r ogs\u00e5, om eksamen er planlagt som <strong>Skriftlig<\/strong> eller <strong>Mundtlig<\/strong>, samt hvordan eksamen afholdes: <strong>Fysisk fremm\u00f8de<\/strong>, <strong>Online<\/strong>, <strong>Online + fysisk fremm\u00f8de<\/strong> eller <strong>Intet fremm\u00f8de<\/strong>.<\/p>\n\n\n\n<p><strong>Status <\/strong>\u2013 Her vises status for bestillingen. Som censorledelse er der flere statusser, du ikke har mulighed for at \u00e6ndre, da mange \u00e6ndringer kommer fra administrator. Du kan l\u00e6se mere om de forskellige statusser under. <br>V\u00e6r opm\u00e6rksom p\u00e5, at hvis du filtrerer efter en bestemt status, kan nogle statusser d\u00e6kke over flere underliggende tilstande. For eksempel kan en bestilling med status <strong>Allokering ikke mulig<\/strong> reelt ogs\u00e5 have status <strong>Mangler allokering<\/strong>, selvom dette ikke fremg\u00e5r direkte af listen.<\/p>\n\n\n\n<p>Nedenfor finder du en oversigt over de forskellige statusser:<\/p>\n\n\n\n<ul class=\"wp-block-list\">\n<li><strong>Afventer allokering<\/strong> \u2013 Systemet har sendt foresp\u00f8rgsler ud til censorer, men der er endnu ikke modtaget svar.<\/li>\n\n\n\n<li><strong>Allokeret<\/strong> \u2013 En eller flere censorer har accepteret opgaven, efter at foresp\u00f8rgslerne er sendt ud.<\/li>\n\n\n\n<li><strong>Allokering ikke mulig<\/strong> \u2013 Systemet har kontaktet alle censorer inden for det angivne fagomr\u00e5de, men ingen har haft mulighed for at p\u00e5tage sig opgaven. (\u00c6ndring af fagomr\u00e5der beskrives senere i guiden).<\/li>\n\n\n\n<li><strong>Annulleret<\/strong> \u2013 Bestillingen er blevet annulleret. (Hvordan en bestilling annulleres, beskrives senere i guiden).<\/li>\n\n\n\n<li><strong>Har opm\u00e6rksomhedspunkt<\/strong> \u2013 Bestillingen er oprettet, men endnu ikke sendt til allokering. Den skal f\u00f8rst godkendes af en administrator.<\/li>\n\n\n\n<li><strong>Hastebehandles<\/strong> \u2013 Bestillingen har overskredet tidsfristen for behandling og markeres derfor til hastebehandling. Dette h\u00e5ndteres af en administrator.<\/li>\n\n\n\n<li><strong>Mangler allokering<\/strong> \u2013 Bestillingen har endnu ikke f\u00e5et tildelt en censor. Dette kan skyldes flere forhold, for eksempel: Bestillingen er endnu ikke godkendt af en administrator, bestillingen afventer svar fra censorer eller allokering har vist sig ikke mulig.<\/li>\n\n\n\n<li><strong>Mangler godkendelse<\/strong> \u2013 Bestillingen er oprettet, men endnu ikke godkendt af en administrator.<\/li>\n\n\n\n<li><strong>Ny bestilling<\/strong> \u2013 Bestillingen er oprettet, men endnu ikke sendt til allokering. Dette h\u00e5ndteres af en administrator.<\/li>\n<\/ul>\n\n\n\n<p><strong>Pr\u00f8vedato(er)<\/strong><em> <\/em>\u2013 Her vises f\u00f8rst et ikon, der angiver, om eksamen er en <strong>skriftlig<\/strong> eller <strong>mundtlig<\/strong> pr\u00f8ve.<br>Hvis der er tale om en <strong>skriftlig pr\u00f8ve<\/strong>, vises eksamens <strong>afleveringsdato<\/strong>. Hvis der er tale om en <strong>mundtlig pr\u00f8ve<\/strong>, vises <strong>den f\u00f8rste planlagte eksamensdag<\/strong>. Via filterfunktionen kan du s\u00f8ge bestillinger, som har pr\u00f8vedato(er), indenfor specifikke tidsrum.<\/p>\n\n\n\n<h2 class=\"wp-block-heading\">Finde eksamensberetning for bestilling<\/h2>\n\n\n\n<p>For at finde en eksamensberetning skal du f\u00f8rst finde bestillingen p\u00e5 listen og klikke p\u00e5 det bl\u00e5 navn. Dette \u00e5bner oversigtssiden for den specifikke bestilling, hvor du f\u00e5r et generelt overblik.<\/p>\n\n\n\n<p>Herefter skal du v\u00e6lge menupunktet <em>\u201dEksamensberetning\u201d<\/em> i menuen til venstre. Her vises en liste over eksamensberetninger, opdelt per eksaminator eller censor.<\/p>\n\n\n\n<p>Hvis du \u00f8nsker at downloade eller printe listen, kan du bruge den bl\u00e5 knap <em>\u201dEksport\u00e9r\u201d<\/em> \u00f8verst til h\u00f8jre.<\/p>\n","protected":false},"excerpt":{"rendered":"<p>N\u00e5r du \u00e5bner Bestillinger, vises en liste over alle de bestillinger, du har adgang til. \u00d8verst p\u00e5 siden har du mulighed for at filtrere visningen ved hj\u00e6lp af f\u00f8lgende indstillinger: Listen over bestillinger vises i en tabel, som er opdelt i f\u00f8lgende kolonner: #, Navn, Uddannelsesudbud, Status og Pr\u00f8vedato(er). Til h\u00f8jre for kolonnenavnene findes et &#8230; <a title=\"Bestillinger\" class=\"read-more\" href=\"https:\/\/help.censorum.dk\/?page_id=461\" aria-label=\"Read more about Bestillinger\">Read more<\/a><\/p>\n","protected":false},"author":3,"featured_media":0,"parent":0,"menu_order":0,"comment_status":"closed","ping_status":"closed","template":"","meta":{"footnotes":""},"class_list":["post-461","page","type-page","status-publish"],"_links":{"self":[{"href":"https:\/\/help.censorum.dk\/index.php?rest_route=\/wp\/v2\/pages\/461","targetHints":{"allow":["GET"]}}],"collection":[{"href":"https:\/\/help.censorum.dk\/index.php?rest_route=\/wp\/v2\/pages"}],"about":[{"href":"https:\/\/help.censorum.dk\/index.php?rest_route=\/wp\/v2\/types\/page"}],"author":[{"embeddable":true,"href":"https:\/\/help.censorum.dk\/index.php?rest_route=\/wp\/v2\/users\/3"}],"replies":[{"embeddable":true,"href":"https:\/\/help.censorum.dk\/index.php?rest_route=%2Fwp%2Fv2%2Fcomments&post=461"}],"version-history":[{"count":13,"href":"https:\/\/help.censorum.dk\/index.php?rest_route=\/wp\/v2\/pages\/461\/revisions"}],"predecessor-version":[{"id":766,"href":"https:\/\/help.censorum.dk\/index.php?rest_route=\/wp\/v2\/pages\/461\/revisions\/766"}],"wp:attachment":[{"href":"https:\/\/help.censorum.dk\/index.php?rest_route=%2Fwp%2Fv2%2Fmedia&parent=461"}],"curies":[{"name":"wp","href":"https:\/\/api.w.org\/{rel}","templated":true}]}}