{"id":45,"date":"2025-01-21T13:26:58","date_gmt":"2025-01-21T13:26:58","guid":{"rendered":"https:\/\/help.censorum.dk\/?p=45"},"modified":"2025-01-21T13:26:58","modified_gmt":"2025-01-21T13:26:58","slug":"oprettelse-af-blokering-pa-enhed","status":"publish","type":"page","link":"https:\/\/help.censorum.dk\/?page_id=45","title":{"rendered":"Oprettelse af blokering p\u00e5 enhed"},"content":{"rendered":"\n<p class=\"has-medium-font-size\">For at oprette en blokering af en censor skal du starte med at navigere til menuen over enheder. Dette g\u00f8r du ved at \u00e5bne dropdown-menuen &#8220;Administrative v\u00e6rkt\u00f8jer&#8221;. Her finder du en oversigt over institutionerne, hvor du kan udvide hver institution for at se de tilknyttede enheder.<\/p>\n\n\n\n<p class=\"has-medium-font-size\">N\u00e5r du har udfoldet en institution, skal du finde den enhed, som blokeringen skal tilknyttes, og klikke p\u00e5 rediger-knappen ud for den p\u00e5g\u00e6ldende enhed. Dette \u00e5bner redigeringsmenuen, hvor du skal navigere til fanen &#8220;Blokering&#8221;.<\/p>\n\n\n\n<p class=\"has-medium-font-size\">P\u00e5 denne fane kan du klikke p\u00e5 &#8220;Opret blokering&#8221; for at \u00e5bne en dialogboks. Her skal du starte med at finde den censor, du \u00f8nsker at blokere, ved at s\u00f8ge p\u00e5 vedkommendes navn. Derefter skal du v\u00e6lge \u00e5rsagen til blokeringen fra en liste. Til sidst skal du angive, hvorn\u00e5r blokeringen skal tr\u00e6de i kraft. Det er ogs\u00e5 muligt at angive en slutdato, hvis blokeringen eksempelvis skyldes ferie.<\/p>\n\n\n\n<p class=\"has-medium-font-size\">Derudover kan du tilf\u00f8je en note som supplement. Dette kan v\u00e6re nyttigt, is\u00e6r hvis \u00e5rsagen til blokeringen er &#8220;Censor\u00f8nske&#8221;, da det giver mulighed for at specificere den pr\u00e6cise \u00e5rsag. N\u00e5r alle felter er udfyldt, skal du klikke p\u00e5 &#8220;Tilf\u00f8j blokering&#8221; for at gemme blokeringen.<\/p>\n","protected":false},"excerpt":{"rendered":"<p>For at oprette en blokering af en censor skal du starte med at navigere til menuen over enheder. Dette g\u00f8r du ved at \u00e5bne dropdown-menuen &#8220;Administrative v\u00e6rkt\u00f8jer&#8221;. Her finder du en oversigt over institutionerne, hvor du kan udvide hver institution for at se de tilknyttede enheder. N\u00e5r du har udfoldet en institution, skal du finde &#8230; <a title=\"Oprettelse af blokering p\u00e5 enhed\" class=\"read-more\" href=\"https:\/\/help.censorum.dk\/?page_id=45\" aria-label=\"Read more about Oprettelse af blokering p\u00e5 enhed\">Read more<\/a><\/p>\n","protected":false},"author":3,"featured_media":0,"parent":0,"menu_order":0,"comment_status":"open","ping_status":"open","template":"","meta":{"footnotes":""},"class_list":["post-45","page","type-page","status-publish"],"_links":{"self":[{"href":"https:\/\/help.censorum.dk\/index.php?rest_route=\/wp\/v2\/pages\/45","targetHints":{"allow":["GET"]}}],"collection":[{"href":"https:\/\/help.censorum.dk\/index.php?rest_route=\/wp\/v2\/pages"}],"about":[{"href":"https:\/\/help.censorum.dk\/index.php?rest_route=\/wp\/v2\/types\/page"}],"author":[{"embeddable":true,"href":"https:\/\/help.censorum.dk\/index.php?rest_route=\/wp\/v2\/users\/3"}],"replies":[{"embeddable":true,"href":"https:\/\/help.censorum.dk\/index.php?rest_route=%2Fwp%2Fv2%2Fcomments&post=45"}],"version-history":[{"count":1,"href":"https:\/\/help.censorum.dk\/index.php?rest_route=\/wp\/v2\/pages\/45\/revisions"}],"predecessor-version":[{"id":46,"href":"https:\/\/help.censorum.dk\/index.php?rest_route=\/wp\/v2\/pages\/45\/revisions\/46"}],"wp:attachment":[{"href":"https:\/\/help.censorum.dk\/index.php?rest_route=%2Fwp%2Fv2%2Fmedia&parent=45"}],"curies":[{"name":"wp","href":"https:\/\/api.w.org\/{rel}","templated":true}]}}