{"id":41,"date":"2025-01-21T13:26:18","date_gmt":"2025-01-21T13:26:18","guid":{"rendered":"https:\/\/help.censorum.dk\/?p=41"},"modified":"2025-01-21T13:26:18","modified_gmt":"2025-01-21T13:26:18","slug":"eksamensplanlaegger-til-enhed","status":"publish","type":"page","link":"https:\/\/help.censorum.dk\/?page_id=41","title":{"rendered":"Eksamensplanl\u00e6gger til enhed"},"content":{"rendered":"\n<p class=\"has-medium-font-size\">For at oprette en eksamensplanl\u00e6gger skal du starte med at navigere til menuen over enheder. Dette g\u00f8r du ved at \u00e5bne dropdown-menuen &#8220;Administrative v\u00e6rkt\u00f8jer&#8221;. Her finder du en oversigt over institutionerne, hvor du kan folde hver institution ud for at vise tilknyttede enheder.<\/p>\n\n\n\n<p class=\"has-medium-font-size\">N\u00e5r du har foldet en institution ud, skal du finde den enhed, du vil tilf\u00f8je en eksamensplanl\u00e6gger til, og klikke p\u00e5 rediger-knappen ud for den p\u00e5g\u00e6ldende enhed. Herefter \u00e5bnes redigeringsmenuen for enheden, hvor du skal navigere til fanen &#8220;Eksamensplanl\u00e6ggere&#8221;.<\/p>\n\n\n\n<p class=\"has-medium-font-size\">Inde p\u00e5 fanen kan du klikke p\u00e5 &#8220;Opret eksamensplanl\u00e6ggere&#8221; for at \u00e5bne en dialogboks. Her f\u00e5r du mulighed for at tilf\u00f8je brugere ved at s\u00f8ge p\u00e5 deres e-mail eller navn. N\u00e5r du har fundet den \u00f8nskede bruger, skal du trykke p\u00e5 &#8220;Tilf\u00f8j rolle&#8221; for at gemme \u00e6ndringen.<\/p>\n\n\n\n<p class=\"has-medium-font-size\">Din eksamensplanl\u00e6gger er nu oprettet og tilf\u00f8jet til den valgte enhed.<\/p>\n","protected":false},"excerpt":{"rendered":"<p>For at oprette en eksamensplanl\u00e6gger skal du starte med at navigere til menuen over enheder. Dette g\u00f8r du ved at \u00e5bne dropdown-menuen &#8220;Administrative v\u00e6rkt\u00f8jer&#8221;. Her finder du en oversigt over institutionerne, hvor du kan folde hver institution ud for at vise tilknyttede enheder. N\u00e5r du har foldet en institution ud, skal du finde den enhed, &#8230; <a title=\"Eksamensplanl\u00e6gger til enhed\" class=\"read-more\" href=\"https:\/\/help.censorum.dk\/?page_id=41\" aria-label=\"Read more about Eksamensplanl\u00e6gger til enhed\">Read more<\/a><\/p>\n","protected":false},"author":3,"featured_media":0,"parent":0,"menu_order":0,"comment_status":"open","ping_status":"open","template":"","meta":{"footnotes":""},"class_list":["post-41","page","type-page","status-publish"],"_links":{"self":[{"href":"https:\/\/help.censorum.dk\/index.php?rest_route=\/wp\/v2\/pages\/41","targetHints":{"allow":["GET"]}}],"collection":[{"href":"https:\/\/help.censorum.dk\/index.php?rest_route=\/wp\/v2\/pages"}],"about":[{"href":"https:\/\/help.censorum.dk\/index.php?rest_route=\/wp\/v2\/types\/page"}],"author":[{"embeddable":true,"href":"https:\/\/help.censorum.dk\/index.php?rest_route=\/wp\/v2\/users\/3"}],"replies":[{"embeddable":true,"href":"https:\/\/help.censorum.dk\/index.php?rest_route=%2Fwp%2Fv2%2Fcomments&post=41"}],"version-history":[{"count":1,"href":"https:\/\/help.censorum.dk\/index.php?rest_route=\/wp\/v2\/pages\/41\/revisions"}],"predecessor-version":[{"id":42,"href":"https:\/\/help.censorum.dk\/index.php?rest_route=\/wp\/v2\/pages\/41\/revisions\/42"}],"wp:attachment":[{"href":"https:\/\/help.censorum.dk\/index.php?rest_route=%2Fwp%2Fv2%2Fmedia&parent=41"}],"curies":[{"name":"wp","href":"https:\/\/api.w.org\/{rel}","templated":true}]}}