{"id":39,"date":"2025-01-21T13:26:42","date_gmt":"2025-01-21T13:26:42","guid":{"rendered":"https:\/\/help.censorum.dk\/?p=39"},"modified":"2025-01-21T13:26:42","modified_gmt":"2025-01-21T13:26:42","slug":"opret-enhed-institution","status":"publish","type":"page","link":"https:\/\/help.censorum.dk\/?page_id=39","title":{"rendered":"Opret enhed\/institution"},"content":{"rendered":"\n<h2 class=\"wp-block-heading\">Opret enhed<\/h2>\n\n\n\n<p class=\"has-medium-font-size\">For at oprette en ny enhed skal du f\u00f8rst sikre dig, at der allerede er oprettet en institution, som enheden kan knyttes til. Hvis det er p\u00e5 plads, kan du navigere til overblikket over enheder. Dette g\u00f8r du ved at trykke p\u00e5 multiknappen <strong>&#8220;Administrative v\u00e6rkt\u00f8jer&#8221;<\/strong> og derefter v\u00e6lge <strong>&#8220;Enheder&#8221;<\/strong> fra dropdown-menuen.<\/p>\n\n\n\n<p class=\"has-medium-font-size\">N\u00e5r du er p\u00e5 oversigten over enheder, skal du finde og klikke p\u00e5 knappen <strong>&#8220;Tilf\u00f8j ny enhed&#8221;<\/strong>. Herefter bliver du bedt om at v\u00e6lge den institution, som den nye enhed skal knyttes til. N\u00e5r du har gjort dette, skal du angive navnet p\u00e5 enheden. S\u00f8rg for, at navnet er tydeligt og passer til institutionens struktur.<\/p>\n\n\n\n<p class=\"has-medium-font-size\">N\u00e5r alle oplysninger er p\u00e5 plads, kan du fuldf\u00f8re oprettelsen af enheden. Systemet vil derefter oprette enheden og knytte den til den valgte institution.<\/p>\n\n\n\n<h2 class=\"wp-block-heading\">Opret institution<\/h2>\n\n\n\n<p class=\"has-medium-font-size\">For at oprette en ny institution skal du f\u00f8rst navigere til overblikket over enheder. Dette g\u00f8r du ved at klikke p\u00e5 multiknappen <strong>&#8220;Administrative v\u00e6rkt\u00f8jer&#8221;<\/strong> og v\u00e6lge <strong>&#8220;Enheder&#8221;<\/strong> fra dropdown-menuen. N\u00e5r du er p\u00e5 enhedsoversigten, skal du finde knappen <strong>&#8220;Tilf\u00f8j ny enhed&#8221;<\/strong>, men i stedet for at klikke direkte p\u00e5 den, skal du trykke p\u00e5 pilen ved siden af knappen for at \u00e5bne multibutton-menuen. Her v\u00e6lger du muligheden <strong>&#8220;Tilf\u00f8j ny institution&#8221;<\/strong>.<\/p>\n\n\n\n<p class=\"has-medium-font-size\">N\u00e5r du har valgt at tilf\u00f8je en ny institution, bliver du bedt om at udfylde nogle grundl\u00e6ggende oplysninger. Du skal angive institutionens navn, en passende forkortelse, samt dens adresse, postnummer og by. N\u00e5r alle oplysninger er korrekt udfyldt, kan du trykke p\u00e5 <strong>&#8220;Tilf\u00f8j ny institution&#8221;<\/strong> for at afslutte oprettelsen.<\/p>\n","protected":false},"excerpt":{"rendered":"<p>Opret enhed For at oprette en ny enhed skal du f\u00f8rst sikre dig, at der allerede er oprettet en institution, som enheden kan knyttes til. Hvis det er p\u00e5 plads, kan du navigere til overblikket over enheder. Dette g\u00f8r du ved at trykke p\u00e5 multiknappen &#8220;Administrative v\u00e6rkt\u00f8jer&#8221; og derefter v\u00e6lge &#8220;Enheder&#8221; fra dropdown-menuen. N\u00e5r du &#8230; <a title=\"Opret enhed\/institution\" class=\"read-more\" href=\"https:\/\/help.censorum.dk\/?page_id=39\" aria-label=\"Read more about Opret enhed\/institution\">Read more<\/a><\/p>\n","protected":false},"author":3,"featured_media":0,"parent":0,"menu_order":0,"comment_status":"open","ping_status":"open","template":"","meta":{"footnotes":""},"class_list":["post-39","page","type-page","status-publish"],"_links":{"self":[{"href":"https:\/\/help.censorum.dk\/index.php?rest_route=\/wp\/v2\/pages\/39","targetHints":{"allow":["GET"]}}],"collection":[{"href":"https:\/\/help.censorum.dk\/index.php?rest_route=\/wp\/v2\/pages"}],"about":[{"href":"https:\/\/help.censorum.dk\/index.php?rest_route=\/wp\/v2\/types\/page"}],"author":[{"embeddable":true,"href":"https:\/\/help.censorum.dk\/index.php?rest_route=\/wp\/v2\/users\/3"}],"replies":[{"embeddable":true,"href":"https:\/\/help.censorum.dk\/index.php?rest_route=%2Fwp%2Fv2%2Fcomments&post=39"}],"version-history":[{"count":1,"href":"https:\/\/help.censorum.dk\/index.php?rest_route=\/wp\/v2\/pages\/39\/revisions"}],"predecessor-version":[{"id":40,"href":"https:\/\/help.censorum.dk\/index.php?rest_route=\/wp\/v2\/pages\/39\/revisions\/40"}],"wp:attachment":[{"href":"https:\/\/help.censorum.dk\/index.php?rest_route=%2Fwp%2Fv2%2Fmedia&parent=39"}],"curies":[{"name":"wp","href":"https:\/\/api.w.org\/{rel}","templated":true}]}}