{"id":36,"date":"2025-01-21T13:26:33","date_gmt":"2025-01-21T13:26:33","guid":{"rendered":"https:\/\/help.censorum.dk\/?p=36"},"modified":"2025-01-21T13:26:33","modified_gmt":"2025-01-21T13:26:33","slug":"nyt-fast-arrangement","status":"publish","type":"page","link":"https:\/\/help.censorum.dk\/?page_id=36","title":{"rendered":"Nyt fast arrangement"},"content":{"rendered":"\n<p class=\"has-medium-font-size\">For at oprette et nyt fast arrangement skal du f\u00f8rst \u00e5bne dropdown-menuen <strong>&#8220;Administrative v\u00e6rkt\u00f8jer&#8221;<\/strong> og v\u00e6lge <strong>&#8220;Fast arrangementer&#8221;<\/strong>. Dette f\u00f8rer dig til oversigten over faste arrangementer.<\/p>\n\n\n\n<p class=\"has-medium-font-size\">Start med at indtaste navnet p\u00e5 arrangementet og en beskrivelse, der forklarer, hvad det handler om. Hvis arrangementet kun varer \u00e9n dag, kan du blot angive starttidspunktet og lade checkboksen v\u00e6re.<\/p>\n\n\n\n<p class=\"has-medium-font-size\">Hvis arrangementet str\u00e6kker sig over flere dage, skal du markere checkboksen <em>\u201dArrangementet varer mere end \u00e9n dag\u201d<\/em>. Dette giver dig mulighed for at angive b\u00e5de start- og sluttidspunktet for arrangementet.<\/p>\n\n\n\n<p class=\"has-medium-font-size\">Derefter v\u00e6lger du, om tilmelding skal v\u00e6re mulig frem til arrangementets start, eller om der skal fasts\u00e6ttes en specifik sidste tilmeldingsdato. Hvis du v\u00e6lger sidstn\u00e6vnte, kan du angive denne dato som sidste frist for tilmelding.<\/p>\n\n\n\n<p class=\"has-medium-font-size\">Til sidst skal du v\u00e6lge, om arrangementet er fysisk, hybrid eller virtuelt\/online:<\/p>\n\n\n\n<ul class=\"wp-block-list has-medium-font-size\">\n<li><strong>Fysisk:<\/strong> Angiv sted, adresse, postnummer og by, hvor arrangementet finder sted.<\/li>\n\n\n\n<li><strong>Hybrid eller virtuelt\/online:<\/strong> Angiv et link, der giver adgang til arrangementet, f.eks. et Zoom-link.<\/li>\n<\/ul>\n\n\n\n<p class=\"has-medium-font-size\">N\u00e5r alle oplysninger er udfyldt, klik p\u00e5 <em>\u201dForts\u00e6t\u201d<\/em> for at gemme og g\u00e5 videre.<\/p>\n\n\n\n<p class=\"has-medium-font-size\">Efter at have trykket p\u00e5 <strong>&#8220;Forts\u00e6t&#8221;<\/strong> \u00e5bnes en dialogboks, hvor du skal v\u00e6lge modtagergruppen for invitationerne. Her kan du v\u00e6lge at sende invitationer til grupper af censorer, for eksempel alle censorer inden for et bestemt fagomr\u00e5de, som \u00f8konomi. Alternativt kan du manuelt indtaste emailadresser for at invitere eksterne personer. Det er ogs\u00e5 muligt at kombinere metoderne, s\u00e5 du b\u00e5de kan tilf\u00f8je specifikke emailadresser og inkludere en speciel censorgruppe. N\u00e5r modtagergruppen er valgt, kan du trykke p\u00e5 <strong>\u201dOpret\u201d<\/strong> for at oprette den nye faste arrangement.<\/p>\n","protected":false},"excerpt":{"rendered":"<p>For at oprette et nyt fast arrangement skal du f\u00f8rst \u00e5bne dropdown-menuen &#8220;Administrative v\u00e6rkt\u00f8jer&#8221; og v\u00e6lge &#8220;Fast arrangementer&#8221;. Dette f\u00f8rer dig til oversigten over faste arrangementer. Start med at indtaste navnet p\u00e5 arrangementet og en beskrivelse, der forklarer, hvad det handler om. Hvis arrangementet kun varer \u00e9n dag, kan du blot angive starttidspunktet og lade &#8230; <a title=\"Nyt fast arrangement\" class=\"read-more\" href=\"https:\/\/help.censorum.dk\/?page_id=36\" aria-label=\"Read more about Nyt fast arrangement\">Read more<\/a><\/p>\n","protected":false},"author":3,"featured_media":0,"parent":0,"menu_order":0,"comment_status":"open","ping_status":"open","template":"","meta":{"footnotes":""},"class_list":["post-36","page","type-page","status-publish"],"_links":{"self":[{"href":"https:\/\/help.censorum.dk\/index.php?rest_route=\/wp\/v2\/pages\/36","targetHints":{"allow":["GET"]}}],"collection":[{"href":"https:\/\/help.censorum.dk\/index.php?rest_route=\/wp\/v2\/pages"}],"about":[{"href":"https:\/\/help.censorum.dk\/index.php?rest_route=\/wp\/v2\/types\/page"}],"author":[{"embeddable":true,"href":"https:\/\/help.censorum.dk\/index.php?rest_route=\/wp\/v2\/users\/3"}],"replies":[{"embeddable":true,"href":"https:\/\/help.censorum.dk\/index.php?rest_route=%2Fwp%2Fv2%2Fcomments&post=36"}],"version-history":[{"count":1,"href":"https:\/\/help.censorum.dk\/index.php?rest_route=\/wp\/v2\/pages\/36\/revisions"}],"predecessor-version":[{"id":37,"href":"https:\/\/help.censorum.dk\/index.php?rest_route=\/wp\/v2\/pages\/36\/revisions\/37"}],"wp:attachment":[{"href":"https:\/\/help.censorum.dk\/index.php?rest_route=%2Fwp%2Fv2%2Fmedia&parent=36"}],"curies":[{"name":"wp","href":"https:\/\/api.w.org\/{rel}","templated":true}]}}