{"id":34,"date":"2025-01-21T13:24:33","date_gmt":"2025-01-21T13:24:33","guid":{"rendered":"https:\/\/help.censorum.dk\/?p=34"},"modified":"2025-01-21T13:24:33","modified_gmt":"2025-01-21T13:24:33","slug":"arrangementer","status":"publish","type":"page","link":"https:\/\/help.censorum.dk\/?page_id=34","title":{"rendered":"Arrangementer"},"content":{"rendered":"\n<h2 class=\"wp-block-heading\">Oprettelse af nyt arrangement<\/h2>\n\n\n\n<p class=\"has-medium-font-size\">Start med at navigere til menuen <strong>&#8220;Arrangementer&#8221;<\/strong>. Her skal du klikke p\u00e5 <strong>&#8220;Opret nyt arrangement&#8221;<\/strong>, som \u00e5bner en dialogboks med forskellige muligheder.<\/p>\n\n\n\n<p class=\"has-medium-font-size\">I dialogboksen bliver du bedt om at v\u00e6lge, om du vil oprette et nyt arrangement eller en afholdelse af et fast arrangement. V\u00e6lg muligheden <strong>&#8220;Opret arrangement&#8221;<\/strong><\/p>\n\n\n\n<p class=\"has-medium-font-size\">Start med at indtaste navnet p\u00e5 arrangementet og en beskrivelse, der forklarer, hvad det handler om. Hvis arrangementet kun varer \u00e9n dag, kan du blot angive starttidspunktet og lade checkboksen v\u00e6re.<\/p>\n\n\n\n<p class=\"has-medium-font-size\">Hvis arrangementet str\u00e6kker sig over flere dage, skal du markere checkboksen <em>\u201dArrangementet varer mere end \u00e9n dag\u201d<\/em>. Dette giver dig mulighed for at angive b\u00e5de start- og sluttidspunktet for arrangementet.<\/p>\n\n\n\n<p class=\"has-medium-font-size\">Derefter v\u00e6lger du, om tilmelding skal v\u00e6re mulig frem til arrangementets start, eller om der skal fasts\u00e6ttes en specifik sidste tilmeldingsdato. Hvis du v\u00e6lger sidstn\u00e6vnte, kan du angive denne dato som sidste frist for tilmelding.<\/p>\n\n\n\n<p class=\"has-medium-font-size\">Til sidst skal du v\u00e6lge, om arrangementet er fysisk, hybrid eller virtuelt\/online:<\/p>\n\n\n\n<ul class=\"wp-block-list has-medium-font-size\">\n<li><strong>Fysisk:<\/strong> Angiv sted, adresse, postnummer og by, hvor arrangementet finder sted.<\/li>\n\n\n\n<li><strong>Hybrid eller virtuelt\/online:<\/strong> Angiv et link, der giver adgang til arrangementet, f.eks. et Zoom-link.<\/li>\n<\/ul>\n\n\n\n<p class=\"has-medium-font-size\">N\u00e5r alle oplysninger er udfyldt, klik p\u00e5 <em>\u201dForts\u00e6t\u201d<\/em> for at gemme og g\u00e5 videre.<\/p>\n\n\n\n<p class=\"has-medium-font-size\">Efter at have trykket p\u00e5 <strong>&#8220;Forts\u00e6t&#8221;<\/strong> \u00e5bnes en dialogboks, hvor du skal v\u00e6lge modtagergruppen for invitationerne. Her kan du v\u00e6lge at sende invitationer til grupper af censorer, for eksempel alle censorer inden for et bestemt fagomr\u00e5de, som \u00f8konomi. Alternativt kan du manuelt indtaste emailadresser for at invitere eksterne personer. Det er ogs\u00e5 muligt at kombinere metoderne, s\u00e5 du b\u00e5de kan tilf\u00f8je specifikke emailadresser og inkludere en speciel censorgruppe.<\/p>\n\n\n\n<p class=\"has-medium-font-size\">N\u00e5r modtagergruppen er valgt, kan du trykke p\u00e5 <strong>\u201dOpret\u201d<\/strong> for at oprette den nye arrangement.<\/p>\n\n\n\n<h2 class=\"wp-block-heading\">Afholdelse af fast arrangement<\/h2>\n\n\n\n<p class=\"has-medium-font-size\">For at oprette afholdelsen af et nyt fast arrangement skal du sikre dig, at der allerede er oprettet faste arrangementer i systemet, da denne proces kun handler om at planl\u00e6gge afholdelsen. Hvis der ikke er, s\u00e5 kan du finde guiden til at oprette en nyt fast arrangement HER LINK<\/p>\n\n\n\n<p class=\"has-medium-font-size\">Start med at navigere til menuen <strong>&#8220;Arrangementer&#8221;<\/strong>. Her skal du klikke p\u00e5 <strong>&#8220;Opret nyt arrangement&#8221;<\/strong>, som \u00e5bner en dialogboks med forskellige muligheder.<\/p>\n\n\n\n<p class=\"has-medium-font-size\">I dialogboksen bliver du bedt om at v\u00e6lge, om du vil oprette et helt nyt arrangement eller en afholdelse af et fast arrangement. V\u00e6lg muligheden <strong>&#8220;Afholdelse af fast arrangement&#8221;<\/strong>, og v\u00e6lg derefter et af de allerede oprettede faste arrangementer fra listen.<\/p>\n\n\n\n<p class=\"has-medium-font-size\">N\u00e5r du har valgt det \u00f8nskede faste arrangement, s\u00e5 bliver titel og beskrivelse og placering automatisk hentet fra det faste arrangement valgt. Herefter skal du blot indtaste start- og sluttidspunktet for arrangementet samt start- og slutdatoerne for tilmeldingsperioden. Det er dog ogs\u00e5 muligt at \u00e6ndre det automatiske information, hvis der er behov. Herefter skal du trykke p\u00e5 <strong>\u201dForts\u00e6t\u201d<\/strong><\/p>\n\n\n\n<p class=\"has-medium-font-size\">Efter at have trykket p\u00e5 <strong>&#8220;Forts\u00e6t&#8221;<\/strong> \u00e5bnes en dialogboks, hvor du skal v\u00e6lge modtagergruppen for invitationerne. Her kan du v\u00e6lge at sende invitationer til grupper af censorer, for eksempel alle censorer inden for et bestemt fagomr\u00e5de, som \u00f8konomi. Alternativt kan du manuelt indtaste emailadresser for at invitere eksterne personer. Det er ogs\u00e5 muligt at kombinere metoderne, s\u00e5 du b\u00e5de kan tilf\u00f8je specifikke emailadresser og inkludere en speciel censorgruppe.<\/p>\n\n\n\n<p><\/p>\n","protected":false},"excerpt":{"rendered":"<p>Oprettelse af nyt arrangement Start med at navigere til menuen &#8220;Arrangementer&#8221;. Her skal du klikke p\u00e5 &#8220;Opret nyt arrangement&#8221;, som \u00e5bner en dialogboks med forskellige muligheder. I dialogboksen bliver du bedt om at v\u00e6lge, om du vil oprette et nyt arrangement eller en afholdelse af et fast arrangement. V\u00e6lg muligheden &#8220;Opret arrangement&#8221; Start med at &#8230; <a title=\"Arrangementer\" class=\"read-more\" href=\"https:\/\/help.censorum.dk\/?page_id=34\" aria-label=\"Read more about Arrangementer\">Read more<\/a><\/p>\n","protected":false},"author":3,"featured_media":0,"parent":0,"menu_order":0,"comment_status":"open","ping_status":"open","template":"","meta":{"footnotes":""},"class_list":["post-34","page","type-page","status-publish"],"_links":{"self":[{"href":"https:\/\/help.censorum.dk\/index.php?rest_route=\/wp\/v2\/pages\/34","targetHints":{"allow":["GET"]}}],"collection":[{"href":"https:\/\/help.censorum.dk\/index.php?rest_route=\/wp\/v2\/pages"}],"about":[{"href":"https:\/\/help.censorum.dk\/index.php?rest_route=\/wp\/v2\/types\/page"}],"author":[{"embeddable":true,"href":"https:\/\/help.censorum.dk\/index.php?rest_route=\/wp\/v2\/users\/3"}],"replies":[{"embeddable":true,"href":"https:\/\/help.censorum.dk\/index.php?rest_route=%2Fwp%2Fv2%2Fcomments&post=34"}],"version-history":[{"count":2,"href":"https:\/\/help.censorum.dk\/index.php?rest_route=\/wp\/v2\/pages\/34\/revisions"}],"predecessor-version":[{"id":38,"href":"https:\/\/help.censorum.dk\/index.php?rest_route=\/wp\/v2\/pages\/34\/revisions\/38"}],"wp:attachment":[{"href":"https:\/\/help.censorum.dk\/index.php?rest_route=%2Fwp%2Fv2%2Fmedia&parent=34"}],"curies":[{"name":"wp","href":"https:\/\/api.w.org\/{rel}","templated":true}]}}