{"id":31,"date":"2025-01-21T13:27:31","date_gmt":"2025-01-21T13:27:31","guid":{"rendered":"https:\/\/help.censorum.dk\/?p=31"},"modified":"2025-01-21T13:27:32","modified_gmt":"2025-01-21T13:27:32","slug":"oprettelse-af-ny-skabelon-mail","status":"publish","type":"page","link":"https:\/\/help.censorum.dk\/?page_id=31","title":{"rendered":"Oprettelse af ny skabelon mail"},"content":{"rendered":"\n<p class=\"has-medium-font-size\">For at oprette en ny skabelonmail skal du starte med at g\u00e5 til menuen <strong>Administrative v\u00e6rkt\u00f8jer<\/strong> og v\u00e6lge <strong>E-mail skabeloner<\/strong> i dropdown-menuen. N\u00e5r du er inde p\u00e5 siden, klikker du p\u00e5 <strong>&#8220;Opret e-mail skabelon&#8221;<\/strong> for at begynde ops\u00e6tningen.<\/p>\n\n\n\n<p class=\"has-medium-font-size\">F\u00f8rst skal du give skabelonen en beskrivelse og en titel. Bem\u00e6rk, at b\u00e5de beskrivelsen og titlen bruges til at identificere skabelonen i dropdown-menuen, n\u00e5r du opretter mails, og ikke er synlige for modtagerne af mailen.<\/p>\n\n\n\n<p class=\"has-medium-font-size\">Dern\u00e6st kan du tilf\u00f8je specielle felter til skabelonen. For eksempel, hvis du v\u00e6lger feltet <strong>&#8220;Dato som dd-mm-\u00e5\u00e5\u00e5\u00e5&#8221;<\/strong>, kan du inds\u00e6tte <strong>&#8220;{{ DagsDato }}&#8221;<\/strong> i mailens tekstfelt for at vise dagens dato. V\u00e6r opm\u00e6rksom p\u00e5, at det ikke er tilstr\u00e6kkeligt kun at v\u00e6lge feltet fra listen \u2013 du skal manuelt inds\u00e6tte koden <strong>&#8220;{{ DagsDato }}&#8221;<\/strong> i teksten, hvor datoen skal vises. For nemheds skyld kan du bruge knappen, der findes over feltet <strong>&#8220;Emne&#8221;<\/strong>, til at kopiere koden direkte til udklipsholderen. Det samme g\u00e6lder for andre specielle felter, som du \u00f8nsker at anvende. Du kan tilf\u00f8je flere specielle felter efter behov.<\/p>\n\n\n\n<p class=\"has-medium-font-size\">Afslutningsvis skal du angive mailens emnefelt. N\u00e5r du er f\u00e6rdig med ops\u00e6tningen, klikker du p\u00e5 <strong>&#8220;Opret&#8221;<\/strong>. Skabelonen er nu oprettet og vil v\u00e6re tilg\u00e6ngelig i dropdown-menuen, n\u00e5r du opretter nye mails.<\/p>\n\n\n\n<p><\/p>\n","protected":false},"excerpt":{"rendered":"<p>For at oprette en ny skabelonmail skal du starte med at g\u00e5 til menuen Administrative v\u00e6rkt\u00f8jer og v\u00e6lge E-mail skabeloner i dropdown-menuen. N\u00e5r du er inde p\u00e5 siden, klikker du p\u00e5 &#8220;Opret e-mail skabelon&#8221; for at begynde ops\u00e6tningen. F\u00f8rst skal du give skabelonen en beskrivelse og en titel. Bem\u00e6rk, at b\u00e5de beskrivelsen og titlen bruges &#8230; <a title=\"Oprettelse af ny skabelon mail\" class=\"read-more\" href=\"https:\/\/help.censorum.dk\/?page_id=31\" aria-label=\"Read more about Oprettelse af ny skabelon mail\">Read more<\/a><\/p>\n","protected":false},"author":3,"featured_media":0,"parent":0,"menu_order":0,"comment_status":"open","ping_status":"open","template":"","meta":{"footnotes":""},"class_list":["post-31","page","type-page","status-publish"],"_links":{"self":[{"href":"https:\/\/help.censorum.dk\/index.php?rest_route=\/wp\/v2\/pages\/31","targetHints":{"allow":["GET"]}}],"collection":[{"href":"https:\/\/help.censorum.dk\/index.php?rest_route=\/wp\/v2\/pages"}],"about":[{"href":"https:\/\/help.censorum.dk\/index.php?rest_route=\/wp\/v2\/types\/page"}],"author":[{"embeddable":true,"href":"https:\/\/help.censorum.dk\/index.php?rest_route=\/wp\/v2\/users\/3"}],"replies":[{"embeddable":true,"href":"https:\/\/help.censorum.dk\/index.php?rest_route=%2Fwp%2Fv2%2Fcomments&post=31"}],"version-history":[{"count":2,"href":"https:\/\/help.censorum.dk\/index.php?rest_route=\/wp\/v2\/pages\/31\/revisions"}],"predecessor-version":[{"id":33,"href":"https:\/\/help.censorum.dk\/index.php?rest_route=\/wp\/v2\/pages\/31\/revisions\/33"}],"wp:attachment":[{"href":"https:\/\/help.censorum.dk\/index.php?rest_route=%2Fwp%2Fv2%2Fmedia&parent=31"}],"curies":[{"name":"wp","href":"https:\/\/api.w.org\/{rel}","templated":true}]}}