{"id":29,"date":"2025-01-21T13:28:04","date_gmt":"2025-01-21T13:28:04","guid":{"rendered":"https:\/\/help.censorum.dk\/?p=29"},"modified":"2025-01-21T13:28:05","modified_gmt":"2025-01-21T13:28:05","slug":"sende-mail","status":"publish","type":"page","link":"https:\/\/help.censorum.dk\/?page_id=29","title":{"rendered":"Sende mail"},"content":{"rendered":"\n<p class=\"has-medium-font-size\">For at oprette en ny mail skal du starte med at navigere til menuen <strong>&#8220;Mails&#8221;<\/strong> og klikke p\u00e5 <strong>&#8220;Opret mail&#8221;<\/strong>. Dette \u00e5bner en dialogboks, hvor du kan begynde at ops\u00e6tte din mail.<\/p>\n\n\n\n<p class=\"has-medium-font-size\">I dialogboksen f\u00e5r du f\u00f8rst mulighed for at v\u00e6lge en eksisterende skabelon. Hvis du v\u00e6lger at bruge en skabelon, skal du blot angive modtagergruppen. Dette g\u00f8r du ved at klikke p\u00e5 dropdown-menuen, Her kan man enten v\u00e6lge at sende invitationer til grupper af censorer (fx alle censorer med fagomr\u00e5det \u00f8konomi) eller selv indtaste emailadresser til eksterne personer. Det er muligt at kombinere begge metoder, s\u00e5 du kan tilf\u00f8je b\u00e5de censorgrupper og individuelle emailadresser.<\/p>\n\n\n\n<p class=\"has-medium-font-size\">Hvis du v\u00e6lger ikke at bruge en skabelon, skal du stadig angive modtagergrupper p\u00e5 samme m\u00e5de. Herefter skal du udfylde feltet <strong>&#8220;ReplyTo&#8221;<\/strong>, som angiver den emailadresse, modtagerne skal bruge, hvis de svarer tilbage. Dern\u00e6st skal du manuelt indtaste emnet og selve mailens tekst. N\u00e5r du har udfyldt alle oplysninger, klikker du p\u00e5 <strong>&#8220;Opret mail&#8221;<\/strong>.<\/p>\n\n\n\n<p class=\"has-medium-font-size\">Bem\u00e6rk, at mailen endnu ikke sendes p\u00e5 dette tidspunkt. For at sende mailen skal du g\u00e5 tilbage til oversigten, markere den mail, du netop har oprettet, og klikke p\u00e5 <strong>&#8220;Send emails&#8221;<\/strong>. Hvis du har flere mails, kan du markere dem alle og sende dem samtidig.<\/p>\n\n\n\n<p><\/p>\n","protected":false},"excerpt":{"rendered":"<p>For at oprette en ny mail skal du starte med at navigere til menuen &#8220;Mails&#8221; og klikke p\u00e5 &#8220;Opret mail&#8221;. Dette \u00e5bner en dialogboks, hvor du kan begynde at ops\u00e6tte din mail. I dialogboksen f\u00e5r du f\u00f8rst mulighed for at v\u00e6lge en eksisterende skabelon. Hvis du v\u00e6lger at bruge en skabelon, skal du blot angive &#8230; <a title=\"Sende mail\" class=\"read-more\" href=\"https:\/\/help.censorum.dk\/?page_id=29\" aria-label=\"Read more about Sende mail\">Read more<\/a><\/p>\n","protected":false},"author":3,"featured_media":0,"parent":0,"menu_order":0,"comment_status":"open","ping_status":"open","template":"","meta":{"footnotes":""},"class_list":["post-29","page","type-page","status-publish"],"_links":{"self":[{"href":"https:\/\/help.censorum.dk\/index.php?rest_route=\/wp\/v2\/pages\/29","targetHints":{"allow":["GET"]}}],"collection":[{"href":"https:\/\/help.censorum.dk\/index.php?rest_route=\/wp\/v2\/pages"}],"about":[{"href":"https:\/\/help.censorum.dk\/index.php?rest_route=\/wp\/v2\/types\/page"}],"author":[{"embeddable":true,"href":"https:\/\/help.censorum.dk\/index.php?rest_route=\/wp\/v2\/users\/3"}],"replies":[{"embeddable":true,"href":"https:\/\/help.censorum.dk\/index.php?rest_route=%2Fwp%2Fv2%2Fcomments&post=29"}],"version-history":[{"count":1,"href":"https:\/\/help.censorum.dk\/index.php?rest_route=\/wp\/v2\/pages\/29\/revisions"}],"predecessor-version":[{"id":30,"href":"https:\/\/help.censorum.dk\/index.php?rest_route=\/wp\/v2\/pages\/29\/revisions\/30"}],"wp:attachment":[{"href":"https:\/\/help.censorum.dk\/index.php?rest_route=%2Fwp%2Fv2%2Fmedia&parent=29"}],"curies":[{"name":"wp","href":"https:\/\/api.w.org\/{rel}","templated":true}]}}