{"id":27,"date":"2025-01-21T13:25:27","date_gmt":"2025-01-21T13:25:27","guid":{"rendered":"https:\/\/help.censorum.dk\/?p=27"},"modified":"2025-01-21T13:25:27","modified_gmt":"2025-01-21T13:25:27","slug":"bestilling","status":"publish","type":"page","link":"https:\/\/help.censorum.dk\/?page_id=27","title":{"rendered":"Bestilling"},"content":{"rendered":"\n<p class=\"has-medium-font-size\">For at oprette en ny bestilling skal du f\u00f8rst navigere til menuen <strong>&#8220;Bestillinger&#8221;<\/strong> og klikke p\u00e5 <strong>&#8220;Opret bestilling&#8221;<\/strong>. Dette \u00e5bner en dialogboks, hvor du kan begynde at ops\u00e6tte din bestilling.<\/p>\n\n\n\n<p class=\"has-medium-font-size\">Start med at indtaste fagets navn, som det er angivet i studieordningen, efterfulgt af en kort beskrivelse af eksamen. Derefter skal du v\u00e6lge, hvilket udbud eksamen tilh\u00f8rer, samt den enhed, som eksamen er tilknyttet.<\/p>\n\n\n\n<p class=\"has-medium-font-size\">I n\u00e6ste trin skal du v\u00e6lge pr\u00f8veform og pr\u00f8vetype fra dropdown-menuen. N\u00e5r det er gjort, skal du inds\u00e6tte et link til studieordningen, s\u00e5 censorer kan f\u00e5 adgang til den n\u00f8dvendige information.<\/p>\n\n\n\n<p class=\"has-medium-font-size\">Derefter skal du udfylde oplysninger om eksamenssted, afleveringsdato, eksamensdage, det forventede antal eksaminander og grupper, samt censornormen, der angiver det forventede tidsforbrug pr. eksaminand (i minutter). Hvis eksamen er individuelt, kan antal grupper s\u00e6ttes til 0.<\/p>\n\n\n\n<p class=\"has-medium-font-size\">Dern\u00e6st skal du v\u00e6lge eksaminatoren for eksamen, sproget eksamen afholdes p\u00e5, censortypen og den afsatte k\u00f8retid for censorerne. Til sidst kan du tilf\u00f8je en kort besked til censorerne fra institutionen.<\/p>\n\n\n\n<p class=\"has-medium-font-size\">Der er ogs\u00e5 mulighed for at tilf\u00f8je et opm\u00e6rksomhedspunkt til sekretariatet. Bem\u00e6rk, at dette vil l\u00e5se bestillingen, indtil den bliver godkendt af en administrator. N\u00e5r alle oplysninger er udfyldt, klikker du p\u00e5 <strong>&#8220;Forts\u00e6t&#8221;<\/strong> for at gemme bestillingen.<\/p>\n\n\n\n<p class=\"has-medium-font-size\">Efter du har klikket p\u00e5 <strong>&#8220;Forts\u00e6t&#8221;<\/strong>, skal du v\u00e6lge de relevante fagomr\u00e5der, som eksamen omhandler. Derefter v\u00e6lger du tildelingsmetoden. Her har du tre muligheder:<\/p>\n\n\n\n<ol start=\"1\" class=\"wp-block-list\">\n<li class=\"has-medium-font-size\"><strong>Automatisk tildeling<\/strong>: Systemet sender automatisk en mail til de censorer, der bedst matcher kravene, baseret p\u00e5 fagomr\u00e5der, placering og k\u00f8retid.<\/li>\n\n\n\n<li class=\"has-medium-font-size\"><strong>Manuel tildeling<\/strong>: Du f\u00e5r vist de fem bedste kandidater ud fra de angivne kriterier og kan v\u00e6lge en censor manuelt.<\/li>\n\n\n\n<li class=\"has-medium-font-size\"><strong>\u00c5ben tilmelding<\/strong>: Her sendes ikke invitationer ud i dette tilf\u00e6lde. I stedet kan censorer logge ind p\u00e5 Censorum, hvor der er en dedikeret side, hvor de kan tilmelde sig, hvis deres fagomr\u00e5de matcher bestillingen. Efter en bestemt periode v\u00e6lger systemet de mest egnede censorer.<\/li>\n<\/ol>\n\n\n\n<p class=\"has-medium-font-size\">N\u00e5r du har valgt tildelingsmetoden, skal du klikke p\u00e5 <strong>&#8220;Forts\u00e6t&#8221;<\/strong> igen. Hvis alle oplysninger er korrekt udfyldt og accepteret af censorkorpset, vil bestillingen nu v\u00e6re synlig p\u00e5 listen over aktive bestillinger.<\/p>\n\n\n\n<h2 class=\"wp-block-heading has-x-large-font-size\">Annullering af bestilling<\/h2>\n\n\n\n<p class=\"has-medium-font-size\">For at annullere en bestilling skal du starte med at navigere til menuen &#8220;Bestillinger&#8221;. Her f\u00e5r du en oversigt over alle aktive bestillinger. Find den bestilling, du \u00f8nsker at annullere, og klik p\u00e5 navnet for at \u00e5bne detaljeringssiden for bestillingen.<\/p>\n\n\n\n<p class=\"has-medium-font-size\">N\u00e5r du er inde p\u00e5 bestillingens overbliksside, vil du se en multiknap \u00f8verst til h\u00f8jre. Klik p\u00e5 &#8220;Annuller bestilling&#8221; i multiknappen for at starte annulleringsprocessen. Systemet vil derefter bede dig om at bekr\u00e6fte, at du \u00f8nsker at annullere bestillingen. N\u00e5r du har bekr\u00e6ftet, bliver bestillingen annulleret og flyttet fra oversigten over aktive bestillinger.<\/p>\n\n\n\n<h2 class=\"wp-block-heading\">Tilf\u00f8jelse af fagomr\u00e5der til bestilling<\/h2>\n\n\n\n<p class=\"has-medium-font-size\">For at \u00e6ndre eller tilf\u00f8je fagomr\u00e5der til en bestilling skal du starte med at navigere til menuen &#8220;Bestillinger&#8221;. Her vil du finde en oversigt over alle aktive bestillinger. Find den bestilling, du \u00f8nsker at redigere, og klik p\u00e5 dens navn for at \u00e5bne detaljeringssiden.<\/p>\n\n\n\n<p class=\"has-medium-font-size\">N\u00e5r du er p\u00e5 detaljesiden for bestillingen, skal du g\u00e5 til fanebladet &#8220;Fagomr\u00e5der&#8221;. Her f\u00e5r du en liste over de fagomr\u00e5der, der allerede er tilknyttet bestillingen.<\/p>\n\n\n\n<p class=\"has-medium-font-size\">Hvis du \u00f8nsker at slette et eksisterende fagomr\u00e5de, skal du finde det relevante fagomr\u00e5de p\u00e5 listen og klikke p\u00e5 skraldespandsikonet til h\u00f8jre for navnet. Dette vil fjerne fagomr\u00e5det fra bestillingen.<\/p>\n\n\n\n<p class=\"has-medium-font-size\">For at tilf\u00f8je et nyt fagomr\u00e5de skal du klikke p\u00e5 knappen &#8220;Tilf\u00f8j fagomr\u00e5de&#8221; \u00f8verst til h\u00f8jre. Dette \u00e5bner en dialogboks, hvor du kan v\u00e6lge det \u00f8nskede fagomr\u00e5de fra en dropdown-menu. N\u00e5r du har valgt et fagomr\u00e5de, kan du angive uddannelsesniveauet for det p\u00e5g\u00e6ldende fagomr\u00e5de. Det er muligt at tilf\u00f8je flere fagomr\u00e5der samtidig ved at gentage processen i dialogboksen. N\u00e5r du er f\u00e6rdig, skal du gemme \u00e6ndringerne for at opdatere bestillingen.<\/p>\n\n\n\n<h2 class=\"wp-block-heading\">Note til bestilling<\/h2>\n\n\n\n<p class=\"has-medium-font-size\">For at tilf\u00f8je eller \u00e6ndre en note i journalen til en bestilling, skal du starte med at navigere til menuen &#8220;Bestillinger&#8221;. Her vil du se en oversigt over alle aktive bestillinger. Find den bestilling, du \u00f8nsker at opdatere, og klik p\u00e5 dens navn for at \u00e5bne detaljesiden for bestillingen.<\/p>\n\n\n\n<p class=\"has-medium-font-size\">N\u00e5r du er inde p\u00e5 detaljesiden, skal du g\u00e5 til fanebladet &#8220;Journal&#8221;. P\u00e5 denne side finder du en oversigt over tidligere noter til bestillingen. Hvis du \u00f8nsker at tilf\u00f8je en ny note, kan du klikke p\u00e5 knappen &#8220;Tilf\u00f8j note&#8221; \u00f8verst til h\u00f8jre. Dette \u00e5bner en dialogboks, hvor du kan skrive den \u00f8nskede note. N\u00e5r du har udfyldt noten, skal du gemme den, s\u00e5 den tilf\u00f8jes til journalen.<\/p>\n\n\n\n<p class=\"has-medium-font-size\">\u00c6ndringer eller tilf\u00f8jelser i journalen bliver herefter synlige p\u00e5 listen og kan hj\u00e6lpe med at holde styr p\u00e5 historikken for bestillingen.<\/p>\n","protected":false},"excerpt":{"rendered":"<p>For at oprette en ny bestilling skal du f\u00f8rst navigere til menuen &#8220;Bestillinger&#8221; og klikke p\u00e5 &#8220;Opret bestilling&#8221;. Dette \u00e5bner en dialogboks, hvor du kan begynde at ops\u00e6tte din bestilling. Start med at indtaste fagets navn, som det er angivet i studieordningen, efterfulgt af en kort beskrivelse af eksamen. Derefter skal du v\u00e6lge, hvilket udbud &#8230; <a title=\"Bestilling\" class=\"read-more\" href=\"https:\/\/help.censorum.dk\/?page_id=27\" aria-label=\"Read more about Bestilling\">Read more<\/a><\/p>\n","protected":false},"author":3,"featured_media":0,"parent":0,"menu_order":0,"comment_status":"open","ping_status":"open","template":"","meta":{"footnotes":""},"class_list":["post-27","page","type-page","status-publish"],"_links":{"self":[{"href":"https:\/\/help.censorum.dk\/index.php?rest_route=\/wp\/v2\/pages\/27","targetHints":{"allow":["GET"]}}],"collection":[{"href":"https:\/\/help.censorum.dk\/index.php?rest_route=\/wp\/v2\/pages"}],"about":[{"href":"https:\/\/help.censorum.dk\/index.php?rest_route=\/wp\/v2\/types\/page"}],"author":[{"embeddable":true,"href":"https:\/\/help.censorum.dk\/index.php?rest_route=\/wp\/v2\/users\/3"}],"replies":[{"embeddable":true,"href":"https:\/\/help.censorum.dk\/index.php?rest_route=%2Fwp%2Fv2%2Fcomments&post=27"}],"version-history":[{"count":2,"href":"https:\/\/help.censorum.dk\/index.php?rest_route=\/wp\/v2\/pages\/27\/revisions"}],"predecessor-version":[{"id":157,"href":"https:\/\/help.censorum.dk\/index.php?rest_route=\/wp\/v2\/pages\/27\/revisions\/157"}],"wp:attachment":[{"href":"https:\/\/help.censorum.dk\/index.php?rest_route=%2Fwp%2Fv2%2Fmedia&parent=27"}],"curies":[{"name":"wp","href":"https:\/\/api.w.org\/{rel}","templated":true}]}}