{"id":268,"date":"2025-02-05T09:31:23","date_gmt":"2025-02-05T09:31:23","guid":{"rendered":"https:\/\/help.censorum.dk\/?page_id=268"},"modified":"2025-02-05T09:35:33","modified_gmt":"2025-02-05T09:35:33","slug":"andre-roller","status":"publish","type":"page","link":"https:\/\/help.censorum.dk\/?page_id=268","title":{"rendered":"Andre roller"},"content":{"rendered":"\n<p class=\"has-medium-font-size\">Administator<\/p>\n\n\n\n<p>For administratorerne&nbsp;er der fokus p\u00e5 at lette arbejdsprocessen med ops\u00e6tning og planl\u00e6gning af censorer. Der er mange betingelser og overvejelser knyttet til denne proces, som via Censorum underst\u00f8ttes s\u00e5 brugervenligt, intuitivt og praksisn\u00e6rt som muligt. I Censorum kan der justeres p\u00e5 fx censorbestillinger, censorer, ans\u00f8gninger, enheder, arrangementer, ans\u00f8gningsperioder mm.<\/p>\n\n\n\n<p>Se vejledninger for administratorer <a href=\"https:\/\/help.censorum.dk\/?page_id=126\">her<\/a>.<\/p>\n\n\n\n<p><\/p>\n\n\n\n<p class=\"has-medium-font-size\">Eksaminator<\/p>\n\n\n\n<p>For eksaminatorer er enkelhed i fokus, s\u00e5 det er nemt at f\u00e5 et klart overblik og foretage \u00e6ndringer hurtigt og enkelt. Systemet underst\u00f8tter eksaminatorerne ved at give et tydeligt overblik over b\u00e5de tilbudte og allokerede pr\u00f8ver.<\/p>\n\n\n\n<p>Se vejledninger for eksaminatorer <a href=\"https:\/\/help.censorum.dk\/?page_id=135\">her<\/a>.<\/p>\n\n\n\n<p><\/p>\n\n\n\n<p class=\"has-medium-font-size\">Ans\u00f8gningsbehandler<\/p>\n\n\n\n<p>For Ans\u00f8gningsbehandler er enkelhed i fokus, s\u00e5 det er let at f\u00e5 et klart overblik over ans\u00f8gninger inden for forskellige fagomr\u00e5der. Systemet underst\u00f8tter Ans\u00f8gningsbehandlere ved at tilbyde en tydelig visning og g\u00f8re processen for godkendelse eller afvisning s\u00e5 enkel som muligt.<\/p>\n\n\n\n<p>Se vejledninger for Ans\u00f8gningsbehandler <a href=\"https:\/\/help.censorum.dk\/?page_id=139\">her<\/a>.<\/p>\n\n\n\n<p><\/p>\n\n\n\n<p class=\"has-medium-font-size\">Kvalitetskonsulent<\/p>\n\n\n\n<p>For kvalitetskonsulent er enkelhed i fokus, s\u00e5 det er nemt at f\u00e5 et klart overblik og se beretninger samt annoteringer. Systemet underst\u00f8tter kvalitetskonsulenterne ved at levere en overskuelig og tydelig visning af relevante oplysninger.<\/p>\n\n\n\n<p>Se vejledninger for kvalitetskonsulenter <a href=\"https:\/\/help.censorum.dk\/?page_id=135\">her<\/a>.<\/p>\n","protected":false},"excerpt":{"rendered":"<p>Administator For administratorerne&nbsp;er der fokus p\u00e5 at lette arbejdsprocessen med ops\u00e6tning og planl\u00e6gning af censorer. Der er mange betingelser og overvejelser knyttet til denne proces, som via Censorum underst\u00f8ttes s\u00e5 brugervenligt, intuitivt og praksisn\u00e6rt som muligt. I Censorum kan der justeres p\u00e5 fx censorbestillinger, censorer, ans\u00f8gninger, enheder, arrangementer, ans\u00f8gningsperioder mm. Se vejledninger for administratorer her. &#8230; <a title=\"Andre roller\" class=\"read-more\" href=\"https:\/\/help.censorum.dk\/?page_id=268\" aria-label=\"Read more about Andre roller\">Read more<\/a><\/p>\n","protected":false},"author":3,"featured_media":0,"parent":0,"menu_order":0,"comment_status":"closed","ping_status":"closed","template":"","meta":{"footnotes":""},"class_list":["post-268","page","type-page","status-publish"],"_links":{"self":[{"href":"https:\/\/help.censorum.dk\/index.php?rest_route=\/wp\/v2\/pages\/268","targetHints":{"allow":["GET"]}}],"collection":[{"href":"https:\/\/help.censorum.dk\/index.php?rest_route=\/wp\/v2\/pages"}],"about":[{"href":"https:\/\/help.censorum.dk\/index.php?rest_route=\/wp\/v2\/types\/page"}],"author":[{"embeddable":true,"href":"https:\/\/help.censorum.dk\/index.php?rest_route=\/wp\/v2\/users\/3"}],"replies":[{"embeddable":true,"href":"https:\/\/help.censorum.dk\/index.php?rest_route=%2Fwp%2Fv2%2Fcomments&post=268"}],"version-history":[{"count":2,"href":"https:\/\/help.censorum.dk\/index.php?rest_route=\/wp\/v2\/pages\/268\/revisions"}],"predecessor-version":[{"id":271,"href":"https:\/\/help.censorum.dk\/index.php?rest_route=\/wp\/v2\/pages\/268\/revisions\/271"}],"wp:attachment":[{"href":"https:\/\/help.censorum.dk\/index.php?rest_route=%2Fwp%2Fv2%2Fmedia&parent=268"}],"curies":[{"name":"wp","href":"https:\/\/api.w.org\/{rel}","templated":true}]}}