{"id":23,"date":"2025-01-21T13:28:18","date_gmt":"2025-01-21T13:28:18","guid":{"rendered":"https:\/\/help.censorum.dk\/?p=23"},"modified":"2025-01-21T13:28:19","modified_gmt":"2025-01-21T13:28:19","slug":"tildeling-af-rolle-pa-censorkorps","status":"publish","type":"page","link":"https:\/\/help.censorum.dk\/?page_id=23","title":{"rendered":"Tildeling af rolle p\u00e5 censorkorps"},"content":{"rendered":"\n<p class=\"has-medium-font-size\">For at tildele en rolle skal du navigere til det relevante censorkorps og \u00e5bne fanebladet &#8220;Roller&#8221;. Her finder du knappen &#8220;Tildel rolle&#8221;, som du skal klikke p\u00e5. Brug s\u00f8gefeltet til at finde personen ved hj\u00e6lp af navn.<\/p>\n\n\n\n<p class=\"has-medium-font-size\">Du kan v\u00e6lge mellem fire roller: censorforperson, censorn\u00e6stforperson, eksamensplanl\u00e6gger og ans\u00f8gningsbehandler. For eksamensplanl\u00e6ggere skal du ogs\u00e5 angive den enhed, hvor de skal planl\u00e6gge eksamener. Ans\u00f8gningsbehandlere skal desuden knyttes til en specifik ans\u00f8gningsperiode, hvor de f\u00e5r adgang til at behandle ans\u00f8gningerne.<\/p>\n","protected":false},"excerpt":{"rendered":"<p>For at tildele en rolle skal du navigere til det relevante censorkorps og \u00e5bne fanebladet &#8220;Roller&#8221;. Her finder du knappen &#8220;Tildel rolle&#8221;, som du skal klikke p\u00e5. Brug s\u00f8gefeltet til at finde personen ved hj\u00e6lp af navn. Du kan v\u00e6lge mellem fire roller: censorforperson, censorn\u00e6stforperson, eksamensplanl\u00e6gger og ans\u00f8gningsbehandler. For eksamensplanl\u00e6ggere skal du ogs\u00e5 angive den &#8230; <a title=\"Tildeling af rolle p\u00e5 censorkorps\" class=\"read-more\" href=\"https:\/\/help.censorum.dk\/?page_id=23\" aria-label=\"Read more about Tildeling af rolle p\u00e5 censorkorps\">Read more<\/a><\/p>\n","protected":false},"author":3,"featured_media":0,"parent":0,"menu_order":0,"comment_status":"open","ping_status":"open","template":"","meta":{"footnotes":""},"class_list":["post-23","page","type-page","status-publish"],"_links":{"self":[{"href":"https:\/\/help.censorum.dk\/index.php?rest_route=\/wp\/v2\/pages\/23","targetHints":{"allow":["GET"]}}],"collection":[{"href":"https:\/\/help.censorum.dk\/index.php?rest_route=\/wp\/v2\/pages"}],"about":[{"href":"https:\/\/help.censorum.dk\/index.php?rest_route=\/wp\/v2\/types\/page"}],"author":[{"embeddable":true,"href":"https:\/\/help.censorum.dk\/index.php?rest_route=\/wp\/v2\/users\/3"}],"replies":[{"embeddable":true,"href":"https:\/\/help.censorum.dk\/index.php?rest_route=%2Fwp%2Fv2%2Fcomments&post=23"}],"version-history":[{"count":1,"href":"https:\/\/help.censorum.dk\/index.php?rest_route=\/wp\/v2\/pages\/23\/revisions"}],"predecessor-version":[{"id":24,"href":"https:\/\/help.censorum.dk\/index.php?rest_route=\/wp\/v2\/pages\/23\/revisions\/24"}],"wp:attachment":[{"href":"https:\/\/help.censorum.dk\/index.php?rest_route=%2Fwp%2Fv2%2Fmedia&parent=23"}],"curies":[{"name":"wp","href":"https:\/\/api.w.org\/{rel}","templated":true}]}}