{"id":21,"date":"2025-01-21T13:27:40","date_gmt":"2025-01-21T13:27:40","guid":{"rendered":"https:\/\/help.censorum.dk\/?p=21"},"modified":"2025-01-21T13:27:40","modified_gmt":"2025-01-21T13:27:40","slug":"oprettelse-af-uddannelsesudbud-pa-censorkorps","status":"publish","type":"page","link":"https:\/\/help.censorum.dk\/?page_id=21","title":{"rendered":"Oprettelse af uddannelsesudbud p\u00e5 censorkorps"},"content":{"rendered":"\n<p class=\"has-medium-font-size\">For at oprette et nyt uddannelsesudbud skal du starte med at navigere til det relevante censorkorps og v\u00e6lge fanebladet &#8220;Uddannelsesudbud&#8221;. Her finder du knappen &#8220;Opret nyt uddannelsesudbud&#8221;, som du skal klikke p\u00e5 for at starte processen. N\u00e5r du opretter et nyt uddannelsesudbud, skal du angive navnet p\u00e5 uddannelsesudbuddet og skrive uddannelseskoden, der identificerer det. Det er desuden muligt at tilknytte enheder, hvor uddannelsesudbuddet tilbydes, men dette er valgfrit. N\u00e5r alle oplysninger er indtastet, kan du gemme det nye uddannelsesudbud ved at bekr\u00e6fte handlingen.<\/p>\n","protected":false},"excerpt":{"rendered":"<p>For at oprette et nyt uddannelsesudbud skal du starte med at navigere til det relevante censorkorps og v\u00e6lge fanebladet &#8220;Uddannelsesudbud&#8221;. Her finder du knappen &#8220;Opret nyt uddannelsesudbud&#8221;, som du skal klikke p\u00e5 for at starte processen. N\u00e5r du opretter et nyt uddannelsesudbud, skal du angive navnet p\u00e5 uddannelsesudbuddet og skrive uddannelseskoden, der identificerer det. Det &#8230; <a title=\"Oprettelse af uddannelsesudbud p\u00e5 censorkorps\" class=\"read-more\" href=\"https:\/\/help.censorum.dk\/?page_id=21\" aria-label=\"Read more about Oprettelse af uddannelsesudbud p\u00e5 censorkorps\">Read more<\/a><\/p>\n","protected":false},"author":3,"featured_media":0,"parent":0,"menu_order":0,"comment_status":"open","ping_status":"open","template":"","meta":{"footnotes":""},"class_list":["post-21","page","type-page","status-publish"],"_links":{"self":[{"href":"https:\/\/help.censorum.dk\/index.php?rest_route=\/wp\/v2\/pages\/21","targetHints":{"allow":["GET"]}}],"collection":[{"href":"https:\/\/help.censorum.dk\/index.php?rest_route=\/wp\/v2\/pages"}],"about":[{"href":"https:\/\/help.censorum.dk\/index.php?rest_route=\/wp\/v2\/types\/page"}],"author":[{"embeddable":true,"href":"https:\/\/help.censorum.dk\/index.php?rest_route=\/wp\/v2\/users\/3"}],"replies":[{"embeddable":true,"href":"https:\/\/help.censorum.dk\/index.php?rest_route=%2Fwp%2Fv2%2Fcomments&post=21"}],"version-history":[{"count":1,"href":"https:\/\/help.censorum.dk\/index.php?rest_route=\/wp\/v2\/pages\/21\/revisions"}],"predecessor-version":[{"id":22,"href":"https:\/\/help.censorum.dk\/index.php?rest_route=\/wp\/v2\/pages\/21\/revisions\/22"}],"wp:attachment":[{"href":"https:\/\/help.censorum.dk\/index.php?rest_route=%2Fwp%2Fv2%2Fmedia&parent=21"}],"curies":[{"name":"wp","href":"https:\/\/api.w.org\/{rel}","templated":true}]}}