{"id":17,"date":"2025-01-21T13:25:54","date_gmt":"2025-01-21T13:25:54","guid":{"rendered":"https:\/\/help.censorum.dk\/?p=17"},"modified":"2025-03-06T11:47:13","modified_gmt":"2025-03-06T11:47:13","slug":"censorkorps-ansogninger","status":"publish","type":"page","link":"https:\/\/help.censorum.dk\/?page_id=17","title":{"rendered":"Censorkorps, ans\u00f8gninger"},"content":{"rendered":"\n<h2 class=\"wp-block-heading\">Navigation<\/h2>\n\n\n\n<p>For at se ans\u00f8gninger skal du starte med at navigere til fanebladet \u201dcensorkorps\u201d set i toppen af siden. V\u00e6lge hvilket censorkorps du \u00f8nsker at se ans\u00f8gninger p\u00e5, og v\u00e6lge menuen &#8220;Ans\u00f8gninger&#8221;<\/p>\n\n\n\n<figure class=\"wp-block-image size-large\"><img loading=\"lazy\" decoding=\"async\" width=\"1024\" height=\"492\" src=\"https:\/\/help.censorum.dk\/wp-content\/uploads\/2025\/03\/wow1-1024x492.png\" alt=\"\" class=\"wp-image-363\" srcset=\"https:\/\/help.censorum.dk\/wp-content\/uploads\/2025\/03\/wow1-1024x492.png 1024w, https:\/\/help.censorum.dk\/wp-content\/uploads\/2025\/03\/wow1-300x144.png 300w, https:\/\/help.censorum.dk\/wp-content\/uploads\/2025\/03\/wow1-768x369.png 768w, https:\/\/help.censorum.dk\/wp-content\/uploads\/2025\/03\/wow1-1536x739.png 1536w, https:\/\/help.censorum.dk\/wp-content\/uploads\/2025\/03\/wow1.png 1720w\" sizes=\"auto, (max-width: 1024px) 100vw, 1024px\" \/><\/figure>\n\n\n\n<p>Hvis du leder efter specifikke ans\u00f8gninger, s\u00e5 kan du bruge s\u00f8gefiltrene til at tilpasse visningen. Du kan filtrere efter en bestemt ans\u00f8gningsperiode, uddannelsesniveau eller fagomr\u00e5de for hurtigt at finde de relevante ans\u00f8gninger. Det er ogs\u00e5 muligt at bruge flere flere af disse filtre p\u00e5 samme tid &#8211; alts\u00e5 s\u00f8ge efter et specfikikt fagomr\u00e5de, p\u00e5 et udbud i en ans\u00f8gningsperiode. <\/p>\n\n\n\n<p>Til h\u00f8jre p\u00e5 siden finder du yderligere oplysninger om den aktuelle ans\u00f8gningsperiode. Disse oplysninger inkluderer antallet af beskikkede censorer, antallet af nybeskikkede og genbeskikkede, antallet af bestillinger til censorkorpset og k\u00f8nsfordelingen inden for korpset.<\/p>\n\n\n<div class=\"wp-block-image\">\n<figure class=\"aligncenter size-large\"><img loading=\"lazy\" decoding=\"async\" width=\"1024\" height=\"185\" src=\"https:\/\/help.censorum.dk\/wp-content\/uploads\/2025\/02\/image-8-1024x185.png\" alt=\"\" class=\"wp-image-317\" srcset=\"https:\/\/help.censorum.dk\/wp-content\/uploads\/2025\/02\/image-8-1024x185.png 1024w, https:\/\/help.censorum.dk\/wp-content\/uploads\/2025\/02\/image-8-300x54.png 300w, https:\/\/help.censorum.dk\/wp-content\/uploads\/2025\/02\/image-8-768x139.png 768w, https:\/\/help.censorum.dk\/wp-content\/uploads\/2025\/02\/image-8.png 1245w\" sizes=\"auto, (max-width: 1024px) 100vw, 1024px\" \/><\/figure>\n<\/div>\n\n\n<p>N\u00e5r du har justeret s\u00f8gefiltrene efter dine behov, vil du se en liste over personer og de fagomr\u00e5der, de har s\u00f8gt om. Her er det endnu engang muligt at fliterer. Her kan man trykke p\u00e5 ikonerne ved siden af status for at finde ans\u00f8gninger som har en bestemt status. Man kan ogs\u00e5 s\u00f8ge efter et specielt navn. Alslutningsvis er det ogs\u00e5 muligt at v\u00e6lge om man \u00f8nsker at se ans\u00f8gninger som vil v\u00e6re nybeskikkelser, genbeskikkelser eller bare begge typer.<\/p>\n\n\n<div class=\"wp-block-image\">\n<figure class=\"aligncenter size-large\"><img loading=\"lazy\" decoding=\"async\" width=\"1024\" height=\"338\" src=\"https:\/\/help.censorum.dk\/wp-content\/uploads\/2025\/03\/Capture2-1024x338.jpg\" alt=\"\" class=\"wp-image-353\" srcset=\"https:\/\/help.censorum.dk\/wp-content\/uploads\/2025\/03\/Capture2-1024x338.jpg 1024w, https:\/\/help.censorum.dk\/wp-content\/uploads\/2025\/03\/Capture2-300x99.jpg 300w, https:\/\/help.censorum.dk\/wp-content\/uploads\/2025\/03\/Capture2-768x253.jpg 768w, https:\/\/help.censorum.dk\/wp-content\/uploads\/2025\/03\/Capture2-1536x506.jpg 1536w, https:\/\/help.censorum.dk\/wp-content\/uploads\/2025\/03\/Capture2.jpg 1720w\" sizes=\"auto, (max-width: 1024px) 100vw, 1024px\" \/><\/figure>\n<\/div>\n\n\n<h2 class=\"wp-block-heading\">Ans\u00f8gningsinformation<\/h2>\n\n\n\n<p>For at \u00e5bne en individuel ans\u00f8gning skal du klikke p\u00e5 personens navn, som er markeret som et bl\u00e5t link.<\/p>\n\n\n<div class=\"wp-block-image\">\n<figure class=\"aligncenter size-large\"><img loading=\"lazy\" decoding=\"async\" width=\"1024\" height=\"132\" src=\"https:\/\/help.censorum.dk\/wp-content\/uploads\/2025\/03\/Capture-1024x132.png\" alt=\"\" class=\"wp-image-338\" srcset=\"https:\/\/help.censorum.dk\/wp-content\/uploads\/2025\/03\/Capture-1024x132.png 1024w, https:\/\/help.censorum.dk\/wp-content\/uploads\/2025\/03\/Capture-300x39.png 300w, https:\/\/help.censorum.dk\/wp-content\/uploads\/2025\/03\/Capture-768x99.png 768w, https:\/\/help.censorum.dk\/wp-content\/uploads\/2025\/03\/Capture-1536x199.png 1536w, https:\/\/help.censorum.dk\/wp-content\/uploads\/2025\/03\/Capture.png 1902w\" sizes=\"auto, (max-width: 1024px) 100vw, 1024px\" \/><\/figure>\n<\/div>\n\n\n<p>Dette vil \u00e5bne en pop-up med detaljer om ans\u00f8gningen. P\u00e5 oversigtssiden finder du grundl\u00e6ggende oplysninger s\u00e5som navn, uddannelse og nuv\u00e6rende stilling. Derudover vises s\u00e6rlige kompetenceomr\u00e5der, ans\u00e6ttelse og erfaring, faglige interessefelter, h\u00f8jeste uddannelsesniveau samt de filer, ans\u00f8geren har uploadet. <br>Bem\u00e6rk, at visse felter \u2013 eksempelvis faglige interessefelter \u2013 ikke er obligatoriske, og derfor kan mangle, hvis de ikke er udfyldt.<\/p>\n\n\n\n<p>Hvis du har brug for yderligere detaljer, kan du navigere mellem ans\u00f8gningens forskellige trin ved at klikke p\u00e5 &#8220;N\u00e6ste trin&#8221; eller benytte dropdown-menuen til at v\u00e6lge et specifikt afsnit.<\/p>\n\n\n\n<p>Hvis du behandler flere ans\u00f8gninger, kan du desuden bruge pilene i h\u00f8jre eller venstre side af vinduet til hurtigt at navigere mellem den n\u00e6ste eller forrige ans\u00f8gning p\u00e5 listen.<\/p>\n\n\n<div class=\"wp-block-image\">\n<figure class=\"aligncenter size-large\"><img loading=\"lazy\" decoding=\"async\" width=\"1024\" height=\"700\" src=\"https:\/\/help.censorum.dk\/wp-content\/uploads\/2025\/02\/image-10-1024x700.png\" alt=\"\" class=\"wp-image-319\" srcset=\"https:\/\/help.censorum.dk\/wp-content\/uploads\/2025\/02\/image-10-1024x700.png 1024w, https:\/\/help.censorum.dk\/wp-content\/uploads\/2025\/02\/image-10-300x205.png 300w, https:\/\/help.censorum.dk\/wp-content\/uploads\/2025\/02\/image-10-768x525.png 768w, https:\/\/help.censorum.dk\/wp-content\/uploads\/2025\/02\/image-10.png 1032w\" sizes=\"auto, (max-width: 1024px) 100vw, 1024px\" \/><\/figure>\n<\/div>\n\n\n<p>Hvis du har brug for yderligere detaljer, kan du navigere mellem ans\u00f8gningens forskellige trin ved at klikke p\u00e5 &#8220;N\u00e6ste trin&#8221; eller benytte dropdown-menuen til at v\u00e6lge et specifikt afsnit. <\/p>\n\n\n\n<p>Nederst til h\u00f8jre i pop-up boksen findes fire funktioner:<\/p>\n\n\n\n<p>&#8220;N\u00e6ste trin&#8221; \u2013 Giver mulighed for at gennemg\u00e5 ans\u00f8gningen trin for trin.<\/p>\n\n\n\n<p>Pil tilbage \u2013 Sender ans\u00f8gningen retur til den censor, der har indsendt den, s\u00e5 vedkommende kan foretage \u00e6ndringer. Denne funktion kan eksempelvis bruges, hvis ans\u00f8gningen mangler kritisk information, som, hvis tilf\u00f8jet, vil f\u00f8re til godkendelse af ans\u00f8gningen. Hvis der trykkes her, s\u00e5 vil det f\u00f8rst komme en advarsel, som sp\u00f8rger som du er sikker, f\u00f8r den sendes tilbage.<\/p>\n\n\n\n<p>Note-ikonet \u2013 \u00c5bner en oversigt over allerede oprettede noter samt et tekstfelt til at tilf\u00f8je en ny note. Noterne er kun synlige for censorledelsen, ans\u00f8gningsansvarlige og administratorer \u2013 de deles ikke med censorerne.<\/p>\n\n\n<div class=\"wp-block-image\">\n<figure class=\"aligncenter size-full\"><img loading=\"lazy\" decoding=\"async\" width=\"818\" height=\"408\" src=\"https:\/\/help.censorum.dk\/wp-content\/uploads\/2025\/02\/image-11.png\" alt=\"\" class=\"wp-image-320\" srcset=\"https:\/\/help.censorum.dk\/wp-content\/uploads\/2025\/02\/image-11.png 818w, https:\/\/help.censorum.dk\/wp-content\/uploads\/2025\/02\/image-11-300x150.png 300w, https:\/\/help.censorum.dk\/wp-content\/uploads\/2025\/02\/image-11-768x383.png 768w\" sizes=\"auto, (max-width: 818px) 100vw, 818px\" \/><\/figure>\n<\/div>\n\n\n<p>Liste-ikonet \u2013 \u00c5bner \u00e6ndringsloggen, hvor alle opdateringer og \u00e6ndringer i ans\u00f8gningen kan gennemg\u00e5s.<\/p>\n\n\n<div class=\"wp-block-image\">\n<figure class=\"aligncenter size-full\"><img loading=\"lazy\" decoding=\"async\" width=\"824\" height=\"164\" src=\"https:\/\/help.censorum.dk\/wp-content\/uploads\/2025\/02\/image-12.png\" alt=\"\" class=\"wp-image-321\" srcset=\"https:\/\/help.censorum.dk\/wp-content\/uploads\/2025\/02\/image-12.png 824w, https:\/\/help.censorum.dk\/wp-content\/uploads\/2025\/02\/image-12-300x60.png 300w, https:\/\/help.censorum.dk\/wp-content\/uploads\/2025\/02\/image-12-768x153.png 768w\" sizes=\"auto, (max-width: 824px) 100vw, 824px\" \/><\/figure>\n<\/div>\n\n\n<h2 class=\"wp-block-heading\">Godkend\/afvis fagomr\u00e5der<\/h2>\n\n\n\n<p>P\u00e5 listen over ans\u00f8gninger kan du se, hvilke fagomr\u00e5der en person har s\u00f8gt under deres navn. Hvis et fagomr\u00e5de er knyttet til et specifikt udbud, vil udbuddets navn st\u00e5 over fagomr\u00e5det. Hvis fagomr\u00e5det g\u00e6lder for alle udbud, vil kun selve fagomr\u00e5det v\u00e6re angivet.<\/p>\n\n\n\n<p>\u00d8nsker du at behandle et specifikt fagomr\u00e5de for en bestemt ans\u00f8ger, kan du markere p\u00e5 den relevante kolonne under den p\u00e5g\u00e6ldende person. Det er ogs\u00e5 muligt at v\u00e6lge flere fagomr\u00e5der\/personer p\u00e5 same tid.<\/p>\n\n\n<div class=\"wp-block-image\">\n<figure class=\"aligncenter size-large\"><img loading=\"lazy\" decoding=\"async\" width=\"1024\" height=\"479\" src=\"https:\/\/help.censorum.dk\/wp-content\/uploads\/2025\/03\/image-1-1024x479.png\" alt=\"\" class=\"wp-image-333\" srcset=\"https:\/\/help.censorum.dk\/wp-content\/uploads\/2025\/03\/image-1-1024x479.png 1024w, https:\/\/help.censorum.dk\/wp-content\/uploads\/2025\/03\/image-1-300x140.png 300w, https:\/\/help.censorum.dk\/wp-content\/uploads\/2025\/03\/image-1-768x359.png 768w, https:\/\/help.censorum.dk\/wp-content\/uploads\/2025\/03\/image-1-1536x718.png 1536w, https:\/\/help.censorum.dk\/wp-content\/uploads\/2025\/03\/image-1.png 1899w\" sizes=\"auto, (max-width: 1024px) 100vw, 1024px\" \/><\/figure>\n<\/div>\n\n\n<p>For at godkende et fagomr\u00e5de skal du markere de \u00f8nskede fagomr\u00e5der p\u00e5 listen og derefter trykke p\u00e5 knappen &#8220;Godkend fagomr\u00e5der&#8221;. Hvis du i stedet \u00f8nsker at afvise et fagomr\u00e5de, skal du bruge multiknappen og v\u00e6lge &#8220;Afvis fagomr\u00e5der&#8221;.<\/p>\n\n\n\n<p>Hvis du har godkendt eller afvist et fagomr\u00e5de ved en fejl, eller hvis du har ombestemt dig, kan du bruge multiknappen til at v\u00e6lge &#8220;Nulstil fagomr\u00e5der&#8221;, hvilket fjerner den tidligere beslutning.<\/p>\n\n\n<div class=\"wp-block-image\">\n<figure class=\"aligncenter size-large\"><img loading=\"lazy\" decoding=\"async\" width=\"1024\" height=\"146\" src=\"https:\/\/help.censorum.dk\/wp-content\/uploads\/2025\/03\/image-4-1024x146.png\" alt=\"\" class=\"wp-image-342\" srcset=\"https:\/\/help.censorum.dk\/wp-content\/uploads\/2025\/03\/image-4-1024x146.png 1024w, https:\/\/help.censorum.dk\/wp-content\/uploads\/2025\/03\/image-4-300x43.png 300w, https:\/\/help.censorum.dk\/wp-content\/uploads\/2025\/03\/image-4-768x110.png 768w, https:\/\/help.censorum.dk\/wp-content\/uploads\/2025\/03\/image-4-1536x220.png 1536w, https:\/\/help.censorum.dk\/wp-content\/uploads\/2025\/03\/image-4.png 1903w\" sizes=\"auto, (max-width: 1024px) 100vw, 1024px\" \/><\/figure>\n<\/div>\n\n\n<h2 class=\"wp-block-heading\">Afsend mail<\/h2>\n\n\n\n<p>Afslutningsvis er det muligt at sende en mail, men denne funktion kan kun anvendes, n\u00e5r du har markeret en eller flere personer p\u00e5 listen \u2013 ikke blot fagomr\u00e5der. Dette g\u00f8r det muligt at sende en mail direkte til en eller flere personer ad gangen.<\/p>\n\n\n\n<p>Da mange af de mails, der sendes, har en ensartet struktur, kan der hurtigt anvendes skabeloner til at sende standardmails. Der findes fire skabeloner: Foresp\u00f8rgsel, Ans\u00f8gningsbekr\u00e6ftelse, Ans\u00f8gning startet og Ans\u00f8gning ikke f\u00e6rdiggjort.<\/p>\n\n\n\n<p>Skabelonerne indeholder ofte skabelonfelter, s\u00e5som {{ Censorkorps Navn }}, som automatisk inds\u00e6tter det relevante censorkorps\u2019 navn. Disse felter skal udfyldes, f\u00f8r mailen kan sendes. Der er dog fri mulighed for at redigere mailens indhold uden at \u00e6ndre p\u00e5 selve skabelonen.<\/p>\n\n\n<div class=\"wp-block-image\">\n<figure class=\"aligncenter size-full\"><img loading=\"lazy\" decoding=\"async\" width=\"1024\" height=\"817\" src=\"https:\/\/help.censorum.dk\/wp-content\/uploads\/2025\/03\/Emailok.png\" alt=\"\" class=\"wp-image-357\" srcset=\"https:\/\/help.censorum.dk\/wp-content\/uploads\/2025\/03\/Emailok.png 1024w, https:\/\/help.censorum.dk\/wp-content\/uploads\/2025\/03\/Emailok-300x239.png 300w, https:\/\/help.censorum.dk\/wp-content\/uploads\/2025\/03\/Emailok-768x613.png 768w\" sizes=\"auto, (max-width: 1024px) 100vw, 1024px\" \/><\/figure>\n<\/div>\n\n\n<p>N\u00e5r mailen er klar, skal du klikke p\u00e5 &#8220;Preview email&#8221; for at f\u00e5 vist, hvordan den vil se ud. Herefter kan du enten v\u00e6lge &#8220;Tilbage&#8221; for at foretage yderligere \u00e6ndringer eller &#8220;Opret email&#8221; for at sende den afsted.<\/p>\n\n\n\n<figure class=\"wp-block-image size-large\"><img loading=\"lazy\" decoding=\"async\" width=\"1024\" height=\"620\" src=\"https:\/\/help.censorum.dk\/wp-content\/uploads\/2025\/03\/image-14-1024x620.png\" alt=\"\" class=\"wp-image-383\" srcset=\"https:\/\/help.censorum.dk\/wp-content\/uploads\/2025\/03\/image-14-1024x620.png 1024w, https:\/\/help.censorum.dk\/wp-content\/uploads\/2025\/03\/image-14-300x182.png 300w, https:\/\/help.censorum.dk\/wp-content\/uploads\/2025\/03\/image-14-768x465.png 768w, https:\/\/help.censorum.dk\/wp-content\/uploads\/2025\/03\/image-14.png 1154w\" sizes=\"auto, (max-width: 1024px) 100vw, 1024px\" \/><\/figure>\n\n\n\n<h2 class=\"wp-block-heading\">Redigering<\/h2>\n\n\n\n<p>ns\u00f8gningslisten findes der yderligere et rediger-ikon. Dette giver mulighed for at redigere de fagomr\u00e5der, en person har s\u00f8gt, eller de filer, ans\u00f8geren har uploadet. Yderligere, hvis der allerede er en note p\u00e5 ans\u00f8gningen, s\u00e5 vil dette kunne siges p\u00e5 listen.<\/p>\n\n\n\n<figure class=\"wp-block-image size-large\"><img loading=\"lazy\" decoding=\"async\" width=\"1024\" height=\"63\" src=\"https:\/\/help.censorum.dk\/wp-content\/uploads\/2025\/02\/image-13-1024x63.png\" alt=\"\" class=\"wp-image-324\" srcset=\"https:\/\/help.censorum.dk\/wp-content\/uploads\/2025\/02\/image-13-1024x63.png 1024w, https:\/\/help.censorum.dk\/wp-content\/uploads\/2025\/02\/image-13-300x19.png 300w, https:\/\/help.censorum.dk\/wp-content\/uploads\/2025\/02\/image-13-768x47.png 768w, https:\/\/help.censorum.dk\/wp-content\/uploads\/2025\/02\/image-13-1536x95.png 1536w, https:\/\/help.censorum.dk\/wp-content\/uploads\/2025\/02\/image-13.png 1569w\" sizes=\"auto, (max-width: 1024px) 100vw, 1024px\" \/><\/figure>\n\n\n\n<p>\u00c6ndring af fagomr\u00e5der f\u00f8lger samme regler som ans\u00f8gningsprocessen, hvilket betyder, at det ikke er muligt at tilf\u00f8je flere fagomr\u00e5der, end hvad der er tilladt at ans\u00f8ge om.<\/p>\n\n\n\n<p>N\u00e5r du foretager en \u00e6ndring, vil knappen &#8220;N\u00e6ste&#8221; automatisk \u00e6ndres til &#8220;Gem&#8221;. N\u00e5r du klikker p\u00e5 &#8220;Gem&#8221;, bliver \u00e6ndringerne registreret, og du kan derefter forts\u00e6tte til n\u00e6ste side.<\/p>\n\n\n\n<p>P\u00e5 den n\u00e6ste side har du mulighed for at redigere de filer, som ans\u00f8geren har uploadet. Efter upload kan du i bunden af siden v\u00e6lge at navigere tilbage til forrige trin, gemme \u00e6ndringerne eller lukke redigeringsvinduet. Er der ogs\u00e5 muligt at brug dropdown menuen \u00f8verst, til at \u00e6ndre hvilken side du \u00f8nsker at redigere.<\/p>\n\n\n\n<figure class=\"wp-block-image size-large\"><img loading=\"lazy\" decoding=\"async\" width=\"1024\" height=\"360\" src=\"https:\/\/help.censorum.dk\/wp-content\/uploads\/2025\/02\/RedigereAnsogning-1024x360.png\" alt=\"\" class=\"wp-image-300\" srcset=\"https:\/\/help.censorum.dk\/wp-content\/uploads\/2025\/02\/RedigereAnsogning-1024x360.png 1024w, https:\/\/help.censorum.dk\/wp-content\/uploads\/2025\/02\/RedigereAnsogning-300x106.png 300w, https:\/\/help.censorum.dk\/wp-content\/uploads\/2025\/02\/RedigereAnsogning-768x270.png 768w, https:\/\/help.censorum.dk\/wp-content\/uploads\/2025\/02\/RedigereAnsogning-1536x541.png 1536w, https:\/\/help.censorum.dk\/wp-content\/uploads\/2025\/02\/RedigereAnsogning-2048x721.png 2048w\" sizes=\"auto, (max-width: 1024px) 100vw, 1024px\" \/><\/figure>\n\n\n\n<p>Efter du har valgt de personer eller fagomr\u00e5der, du \u00f8nsker at behandle, kan du v\u00e6lge mellem &#8220;godkend fagomr\u00e5de&#8221; eller &#8220;afvis fagomr\u00e5de&#8221;, for at at godkende eller afvise en ans\u00f8gning<\/p>\n\n\n\n<p><\/p>\n","protected":false},"excerpt":{"rendered":"<p>Navigation For at se ans\u00f8gninger skal du starte med at navigere til fanebladet \u201dcensorkorps\u201d set i toppen af siden. V\u00e6lge hvilket censorkorps du \u00f8nsker at se ans\u00f8gninger p\u00e5, og v\u00e6lge menuen &#8220;Ans\u00f8gninger&#8221; Hvis du leder efter specifikke ans\u00f8gninger, s\u00e5 kan du bruge s\u00f8gefiltrene til at tilpasse visningen. Du kan filtrere efter en bestemt ans\u00f8gningsperiode, uddannelsesniveau &#8230; <a title=\"Censorkorps, ans\u00f8gninger\" class=\"read-more\" href=\"https:\/\/help.censorum.dk\/?page_id=17\" aria-label=\"Read more about Censorkorps, ans\u00f8gninger\">Read more<\/a><\/p>\n","protected":false},"author":3,"featured_media":0,"parent":0,"menu_order":0,"comment_status":"open","ping_status":"open","template":"","meta":{"footnotes":""},"class_list":["post-17","page","type-page","status-publish"],"_links":{"self":[{"href":"https:\/\/help.censorum.dk\/index.php?rest_route=\/wp\/v2\/pages\/17","targetHints":{"allow":["GET"]}}],"collection":[{"href":"https:\/\/help.censorum.dk\/index.php?rest_route=\/wp\/v2\/pages"}],"about":[{"href":"https:\/\/help.censorum.dk\/index.php?rest_route=\/wp\/v2\/types\/page"}],"author":[{"embeddable":true,"href":"https:\/\/help.censorum.dk\/index.php?rest_route=\/wp\/v2\/users\/3"}],"replies":[{"embeddable":true,"href":"https:\/\/help.censorum.dk\/index.php?rest_route=%2Fwp%2Fv2%2Fcomments&post=17"}],"version-history":[{"count":6,"href":"https:\/\/help.censorum.dk\/index.php?rest_route=\/wp\/v2\/pages\/17\/revisions"}],"predecessor-version":[{"id":387,"href":"https:\/\/help.censorum.dk\/index.php?rest_route=\/wp\/v2\/pages\/17\/revisions\/387"}],"wp:attachment":[{"href":"https:\/\/help.censorum.dk\/index.php?rest_route=%2Fwp%2Fv2%2Fmedia&parent=17"}],"curies":[{"name":"wp","href":"https:\/\/api.w.org\/{rel}","templated":true}]}}