{"id":159,"date":"2025-01-21T14:20:49","date_gmt":"2025-01-21T14:20:49","guid":{"rendered":"https:\/\/help.censorum.dk\/?page_id=159"},"modified":"2025-01-21T14:20:49","modified_gmt":"2025-01-21T14:20:49","slug":"censorkorps-beskikkelsesperiode","status":"publish","type":"page","link":"https:\/\/help.censorum.dk\/?page_id=159","title":{"rendered":"Censorkorps, Beskikkelsesperiode"},"content":{"rendered":"\n<h2 class=\"wp-block-heading\">Opret beskikkelsesperiode<\/h2>\n\n\n\n<p>For at oprette en beskikkelsesperiode skal der allerede v\u00e6re oprettet et eller flere uddannelsesniveauer samt fagomr\u00e5der. Start processen ved at navigere til det relevante censorkorps og g\u00e5 til fanebladet &#8220;Beskikkelsesperioder&#8221;. Her finder du multiknappen &#8220;Ny ans\u00f8gningsperiode&#8221;, som giver adgang til flere muligheder, herunder &#8220;Ny beskikkelsesperiode&#8221;.<\/p>\n\n\n\n<p>N\u00e5r du v\u00e6lger &#8220;Ny beskikkelsesperiode&#8221;, skal du f\u00f8rst angive start- og slutdato for beskikkelsesperioden. Derefter skal du definere start- og slutdato for den f\u00f8rste planlagte ans\u00f8gningsperiode. Du har ogs\u00e5 mulighed for at specificere det maksimale antal fagomr\u00e5der, som en censor kan ans\u00f8ge om, men dette felt er valgfrit. Til sidst skal du v\u00e6lge de fagomr\u00e5der, der skal v\u00e6re tilg\u00e6ngelige for ans\u00f8gning i denne periode. N\u00e5r alle oplysninger er udfyldt, kan du oprette beskikkelsesperioden.<\/p>\n\n\n\n<h2 class=\"wp-block-heading\">Opret ans\u00f8gningsperiode<\/h2>\n\n\n\n<p>For at oprette en ny ans\u00f8gningsperiode skal den nuv\u00e6rende beskikkelsesperiode allerede v\u00e6re aktiv. Start med at navigere til det relevante censorkorps og g\u00e5 til fanebladet &#8220;Beskikkelsesperioder&#8221;. Her finder du knappen &#8220;Ny ans\u00f8gningsperiode&#8221;, som du skal klikke p\u00e5 for at oprette en ny periode.<\/p>\n\n\n\n<p>N\u00e5r du opretter ans\u00f8gningsperioden, skal du angive start- og slutdato for perioden. Derudover skal du specificere det maksimale antal fagomr\u00e5der, som en censor kan ans\u00f8ge om. Til sidst skal du v\u00e6lge de fagomr\u00e5der og uddannelsesniveauer, der skal v\u00e6re tilg\u00e6ngelige for ans\u00f8gning i denne periode.<\/p>\n","protected":false},"excerpt":{"rendered":"<p>Opret beskikkelsesperiode For at oprette en beskikkelsesperiode skal der allerede v\u00e6re oprettet et eller flere uddannelsesniveauer samt fagomr\u00e5der. Start processen ved at navigere til det relevante censorkorps og g\u00e5 til fanebladet &#8220;Beskikkelsesperioder&#8221;. Her finder du multiknappen &#8220;Ny ans\u00f8gningsperiode&#8221;, som giver adgang til flere muligheder, herunder &#8220;Ny beskikkelsesperiode&#8221;. N\u00e5r du v\u00e6lger &#8220;Ny beskikkelsesperiode&#8221;, skal du f\u00f8rst &#8230; <a title=\"Censorkorps, Beskikkelsesperiode\" class=\"read-more\" href=\"https:\/\/help.censorum.dk\/?page_id=159\" aria-label=\"Read more about Censorkorps, Beskikkelsesperiode\">Read more<\/a><\/p>\n","protected":false},"author":3,"featured_media":0,"parent":0,"menu_order":0,"comment_status":"closed","ping_status":"closed","template":"","meta":{"footnotes":""},"class_list":["post-159","page","type-page","status-publish"],"_links":{"self":[{"href":"https:\/\/help.censorum.dk\/index.php?rest_route=\/wp\/v2\/pages\/159","targetHints":{"allow":["GET"]}}],"collection":[{"href":"https:\/\/help.censorum.dk\/index.php?rest_route=\/wp\/v2\/pages"}],"about":[{"href":"https:\/\/help.censorum.dk\/index.php?rest_route=\/wp\/v2\/types\/page"}],"author":[{"embeddable":true,"href":"https:\/\/help.censorum.dk\/index.php?rest_route=\/wp\/v2\/users\/3"}],"replies":[{"embeddable":true,"href":"https:\/\/help.censorum.dk\/index.php?rest_route=%2Fwp%2Fv2%2Fcomments&post=159"}],"version-history":[{"count":1,"href":"https:\/\/help.censorum.dk\/index.php?rest_route=\/wp\/v2\/pages\/159\/revisions"}],"predecessor-version":[{"id":160,"href":"https:\/\/help.censorum.dk\/index.php?rest_route=\/wp\/v2\/pages\/159\/revisions\/160"}],"wp:attachment":[{"href":"https:\/\/help.censorum.dk\/index.php?rest_route=%2Fwp%2Fv2%2Fmedia&parent=159"}],"curies":[{"name":"wp","href":"https:\/\/api.w.org\/{rel}","templated":true}]}}