{"id":15,"date":"2025-01-21T13:26:11","date_gmt":"2025-01-21T13:26:11","guid":{"rendered":"https:\/\/help.censorum.dk\/?p=15"},"modified":"2025-01-21T13:26:11","modified_gmt":"2025-01-21T13:26:11","slug":"censorkorps-liste-over-censorer","status":"publish","type":"page","link":"https:\/\/help.censorum.dk\/?page_id=15","title":{"rendered":"Censorkorps, liste over censorer"},"content":{"rendered":"\n<p class=\"has-medium-font-size\">For at finde listen over censorer i et censorkorps skal du starte med at navigere til det relevante censorkorps. G\u00e5 herefter til fanebladet &#8220;Censorer&#8221;. Her finder du en samlet liste over alle censorer, der er tilknyttet censorkorpset. Hvis du s\u00f8ger efter en specifik censor eller \u00f8nsker at filtrere listen, har du mulighed for at justere s\u00f8gefiltrene.<\/p>\n\n\n\n<p class=\"has-medium-font-size\">Du kan s\u00f8ge efter censorer baseret p\u00e5 et bestemt fagomr\u00e5de ved at skrive det \u00f8nskede fagomr\u00e5de i s\u00f8gefeltet markeret med &#8220;Tilf\u00f8j obligatorisk fagomr\u00e5de&#8221;. N\u00e5r et fagomr\u00e5de er valgt, tilf\u00f8jes det til s\u00f8gefeltet, og du f\u00e5r mulighed for at specificere uddannelsesniveauet for det p\u00e5g\u00e6ldende fagomr\u00e5de. Du kan ogs\u00e5 tilf\u00f8je flere fagomr\u00e5der, hvis s\u00f8gningen kr\u00e6ver det.<\/p>\n\n\n\n<p class=\"has-medium-font-size\">Derudover er det muligt at s\u00f8ge efter censorer, der kan eksaminere p\u00e5 et specifikt sprog. Denne funktion giver dig mulighed for at finde censorer, der opfylder sproglige krav til bestemte eksamener.<\/p>\n\n\n\n<p class=\"has-medium-font-size\">Som en sidste mulighed kan du anvende seks yderligere s\u00f8geparametre til at finde censorer med specifikke karakteristika. Disse parametre inkluderer:<\/p>\n\n\n\n<ul class=\"wp-block-list\">\n<li class=\"has-medium-font-size\"><strong>Censorer som mangler kursus<\/strong>: Find censorer, der endnu ikke har gennemf\u00f8rt et n\u00f8dvendigt kursus. Hvis der er flere kurser, kan du v\u00e6lge det relevante kursus i en ny dropdown-menu.<\/li>\n\n\n\n<li class=\"has-medium-font-size\"><strong>Censorer med ubehandlet kursusbevis<\/strong>: Filtrer efter censorer, hvis kursusbevis endnu ikke er behandlet. Hvis der er flere kurser, kan du v\u00e6lge det specifikke kursus i en ny dropdown-menu.<\/li>\n\n\n\n<li class=\"has-medium-font-size\"><strong>Censorer med postnummer<\/strong>: S\u00f8g efter censorer baseret p\u00e5 deres geografiske placering ved hj\u00e6lp af postnumre. Du skal angive et postnummer-interval ved at udfylde to felter: et felt til &#8220;fra&#8221; og et andet til &#8220;til&#8221;.<\/li>\n\n\n\n<li class=\"has-medium-font-size\"><strong>Censorer som har eksamensstedet<\/strong>: Identificer censorer, der er tilknyttet specifikke eksamenssteder. Dette g\u00f8res ved f\u00f8rst at v\u00e6lge institutionen i en dropdown-menu. Herefter kan du v\u00e6lge det relevante eksamenssted for den valgte institution i en ny dropdown-menu. Det er ogs\u00e5 muligt at v\u00e6lge en specifik eksamensdag som en del af filtreringen.<\/li>\n\n\n\n<li class=\"has-medium-font-size\"><strong>Censortype<\/strong>: Filtrer efter censorer baseret p\u00e5 deres type, f.eks. om de er institutionsansatte eller aftagere.<\/li>\n\n\n\n<li class=\"has-medium-font-size\"><strong>H\u00f8jeste uddannelsesniveau<\/strong>: Filtrer censorer efter det h\u00f8jeste uddannelsesniveau, de har opn\u00e5et. Dette g\u00f8r det muligt at finde censorer, der opfylder krav til bestemte uddannelsesniveauer.<\/li>\n<\/ul>\n\n\n\n<p class=\"has-medium-font-size\">Ved hj\u00e6lp af disse s\u00f8gefiltre kan du hurtigt finde frem til de censorer, der bedst passer til dine behov i forbindelse med censorkorpset.<\/p>\n\n\n\n<p class=\"has-medium-font-size\">N\u00e5r du har justeret s\u00f8gefiltrene efter dine behov, vil du se en liste over personer, der passer til dine s\u00f8gekriterier. P\u00e5 listen kan du v\u00e6lge forskellige m\u00e5der at h\u00e5ndtere oplysningerne p\u00e5. Hvis du \u00f8nsker at behandle alle personer p\u00e5 \u00e9n gang, kan du markere dem alle ved at klikke p\u00e5 afkrydsningsfeltet \u00f8verst til venstre. Hvis du derimod kun vil fokusere p\u00e5 en specifik person, kan du markere feltet i kolonnen med vedkommendes navn.<\/p>\n\n\n\n<p class=\"has-medium-font-size\">Efter du har valgt de personer, du \u00f8nsker at behandle, kan du v\u00e6lge mellem fem forskellige handlinger i multibutton-menuen. Disse handlinger inkluderer:<\/p>\n\n\n\n<ul class=\"wp-block-list\">\n<li class=\"has-medium-font-size\"><strong>Send email<\/strong>: Giver mulighed for at sende en besked direkte til de valgte personer.<\/li>\n\n\n\n<li class=\"has-medium-font-size\"><strong>Afvis kursusbevis<\/strong>: Bruges til at afvise kursusbeviset for de markerede personer.<\/li>\n\n\n\n<li class=\"has-medium-font-size\"><strong>Godkend kursusbevis<\/strong>: Bruges til at godkende kursusbeviset for de markerede personer.<\/li>\n\n\n\n<li class=\"has-medium-font-size\"><strong>Hent kursusbevis<\/strong>: Tillader dig at downloade kursusbeviset for de markerede personer.<\/li>\n\n\n\n<li class=\"has-medium-font-size\"><strong>Eksport\u00e9r<\/strong>: Eksporter listen over de markerede personer<\/li>\n<\/ul>\n","protected":false},"excerpt":{"rendered":"<p>For at finde listen over censorer i et censorkorps skal du starte med at navigere til det relevante censorkorps. G\u00e5 herefter til fanebladet &#8220;Censorer&#8221;. Her finder du en samlet liste over alle censorer, der er tilknyttet censorkorpset. Hvis du s\u00f8ger efter en specifik censor eller \u00f8nsker at filtrere listen, har du mulighed for at justere &#8230; <a title=\"Censorkorps, liste over censorer\" class=\"read-more\" href=\"https:\/\/help.censorum.dk\/?page_id=15\" aria-label=\"Read more about Censorkorps, liste over censorer\">Read more<\/a><\/p>\n","protected":false},"author":3,"featured_media":0,"parent":0,"menu_order":0,"comment_status":"open","ping_status":"open","template":"","meta":{"footnotes":""},"class_list":["post-15","page","type-page","status-publish"],"_links":{"self":[{"href":"https:\/\/help.censorum.dk\/index.php?rest_route=\/wp\/v2\/pages\/15","targetHints":{"allow":["GET"]}}],"collection":[{"href":"https:\/\/help.censorum.dk\/index.php?rest_route=\/wp\/v2\/pages"}],"about":[{"href":"https:\/\/help.censorum.dk\/index.php?rest_route=\/wp\/v2\/types\/page"}],"author":[{"embeddable":true,"href":"https:\/\/help.censorum.dk\/index.php?rest_route=\/wp\/v2\/users\/3"}],"replies":[{"embeddable":true,"href":"https:\/\/help.censorum.dk\/index.php?rest_route=%2Fwp%2Fv2%2Fcomments&post=15"}],"version-history":[{"count":1,"href":"https:\/\/help.censorum.dk\/index.php?rest_route=\/wp\/v2\/pages\/15\/revisions"}],"predecessor-version":[{"id":16,"href":"https:\/\/help.censorum.dk\/index.php?rest_route=\/wp\/v2\/pages\/15\/revisions\/16"}],"wp:attachment":[{"href":"https:\/\/help.censorum.dk\/index.php?rest_route=%2Fwp%2Fv2%2Fmedia&parent=15"}],"curies":[{"name":"wp","href":"https:\/\/api.w.org\/{rel}","templated":true}]}}