{"id":129,"date":"2025-01-21T13:48:35","date_gmt":"2025-01-21T13:48:35","guid":{"rendered":"https:\/\/help.censorum.dk\/?page_id=129"},"modified":"2025-09-12T16:27:26","modified_gmt":"2025-09-12T16:27:26","slug":"vejledninger-planlaegger","status":"publish","type":"page","link":"https:\/\/help.censorum.dk\/?page_id=129","title":{"rendered":"Planl\u00e6gger"},"content":{"rendered":"\n<p>For eksamensplanl\u00e6ggeren er fokus at skabe et enkelt og overskueligt overblik over b\u00e5de bestillinger og eksaminatorer. I Censorum kan planl\u00e6ggeren blandt andet gennemse og oprette bestillinger samt f\u00e5 adgang til en liste over eksaminatorer og tilf\u00f8je nye.<\/p>\n\n\n\n<p>Se vejledninger for planl\u00e6gger<\/p>\n\n\n\n<p><\/p>\n\n\n\n<ul class=\"wp-block-list\">\n<li><a href=\"https:\/\/help.censorum.dk\/?page_id=101\" data-type=\"page\" data-id=\"241\">Bestillinger<\/a><\/li>\n\n\n\n<li><a href=\"https:\/\/help.censorum.dk\/?page_id=486\" data-type=\"link\" data-id=\"https:\/\/help.censorum.dk\/?page_id=486\">Eksaminatorer<\/a><\/li>\n<\/ul>\n\n\n\n<p><\/p>\n","protected":false},"excerpt":{"rendered":"<p>For eksamensplanl\u00e6ggeren er fokus at skabe et enkelt og overskueligt overblik over b\u00e5de bestillinger og eksaminatorer. I Censorum kan planl\u00e6ggeren blandt andet gennemse og oprette bestillinger samt f\u00e5 adgang til en liste over eksaminatorer og tilf\u00f8je nye. Se vejledninger for planl\u00e6gger<\/p>\n","protected":false},"author":3,"featured_media":0,"parent":0,"menu_order":0,"comment_status":"closed","ping_status":"closed","template":"","meta":{"footnotes":""},"class_list":["post-129","page","type-page","status-publish"],"_links":{"self":[{"href":"https:\/\/help.censorum.dk\/index.php?rest_route=\/wp\/v2\/pages\/129","targetHints":{"allow":["GET"]}}],"collection":[{"href":"https:\/\/help.censorum.dk\/index.php?rest_route=\/wp\/v2\/pages"}],"about":[{"href":"https:\/\/help.censorum.dk\/index.php?rest_route=\/wp\/v2\/types\/page"}],"author":[{"embeddable":true,"href":"https:\/\/help.censorum.dk\/index.php?rest_route=\/wp\/v2\/users\/3"}],"replies":[{"embeddable":true,"href":"https:\/\/help.censorum.dk\/index.php?rest_route=%2Fwp%2Fv2%2Fcomments&post=129"}],"version-history":[{"count":13,"href":"https:\/\/help.censorum.dk\/index.php?rest_route=\/wp\/v2\/pages\/129\/revisions"}],"predecessor-version":[{"id":571,"href":"https:\/\/help.censorum.dk\/index.php?rest_route=\/wp\/v2\/pages\/129\/revisions\/571"}],"wp:attachment":[{"href":"https:\/\/help.censorum.dk\/index.php?rest_route=%2Fwp%2Fv2%2Fmedia&parent=129"}],"curies":[{"name":"wp","href":"https:\/\/api.w.org\/{rel}","templated":true}]}}