{"id":123,"date":"2025-01-21T13:45:35","date_gmt":"2025-01-21T13:45:35","guid":{"rendered":"https:\/\/help.censorum.dk\/?page_id=123"},"modified":"2025-04-25T09:34:13","modified_gmt":"2025-04-25T09:34:13","slug":"censorer","status":"publish","type":"page","link":"https:\/\/help.censorum.dk\/?page_id=123","title":{"rendered":"Censorer"},"content":{"rendered":"\n<p>For censorer er enkelhed i fokus, s\u00e5 det er nemt at f\u00e5 et klart overblik og foretage \u00e6ndringer hurtigt og enkelt. Systemet underst\u00f8tter censorerne ved at give et tydeligt overblik over b\u00e5de tilbudte og allokerede pr\u00f8ver samt brugerprofiler.<\/p>\n\n\n\n<p>Se vejledninger for censorer her<\/p>\n\n\n\n<ul class=\"wp-block-list\">\n<li><a href=\"https:\/\/help.censorum.dk\/?page_id=133\" data-type=\"link\" data-id=\"https:\/\/help.censorum.dk\/?page_id=133\">Oprettelse af ans\u00f8gning til at v\u00e6re censor<\/a><\/li>\n\n\n\n<li><a href=\"https:\/\/help.censorum.dk\/?page_id=506\" data-type=\"link\" data-id=\"https:\/\/help.censorum.dk\/?page_id=506\">Mine eksamener og indsendelse af eksamensberetning<\/a><\/li>\n<\/ul>\n\n\n\n<p><\/p>\n","protected":false},"excerpt":{"rendered":"<p>For censorer er enkelhed i fokus, s\u00e5 det er nemt at f\u00e5 et klart overblik og foretage \u00e6ndringer hurtigt og enkelt. Systemet underst\u00f8tter censorerne ved at give et tydeligt overblik over b\u00e5de tilbudte og allokerede pr\u00f8ver samt brugerprofiler. Se vejledninger for censorer her<\/p>\n","protected":false},"author":3,"featured_media":0,"parent":0,"menu_order":0,"comment_status":"closed","ping_status":"closed","template":"","meta":{"footnotes":""},"class_list":["post-123","page","type-page","status-publish"],"_links":{"self":[{"href":"https:\/\/help.censorum.dk\/index.php?rest_route=\/wp\/v2\/pages\/123","targetHints":{"allow":["GET"]}}],"collection":[{"href":"https:\/\/help.censorum.dk\/index.php?rest_route=\/wp\/v2\/pages"}],"about":[{"href":"https:\/\/help.censorum.dk\/index.php?rest_route=\/wp\/v2\/types\/page"}],"author":[{"embeddable":true,"href":"https:\/\/help.censorum.dk\/index.php?rest_route=\/wp\/v2\/users\/3"}],"replies":[{"embeddable":true,"href":"https:\/\/help.censorum.dk\/index.php?rest_route=%2Fwp%2Fv2%2Fcomments&post=123"}],"version-history":[{"count":3,"href":"https:\/\/help.censorum.dk\/index.php?rest_route=\/wp\/v2\/pages\/123\/revisions"}],"predecessor-version":[{"id":513,"href":"https:\/\/help.censorum.dk\/index.php?rest_route=\/wp\/v2\/pages\/123\/revisions\/513"}],"wp:attachment":[{"href":"https:\/\/help.censorum.dk\/index.php?rest_route=%2Fwp%2Fv2%2Fmedia&parent=123"}],"curies":[{"name":"wp","href":"https:\/\/api.w.org\/{rel}","templated":true}]}}