{"id":105,"date":"2025-01-21T13:32:40","date_gmt":"2025-01-21T13:32:40","guid":{"rendered":"https:\/\/help.censorum.dk\/?page_id=105"},"modified":"2026-01-26T13:26:35","modified_gmt":"2026-01-26T13:26:35","slug":"formandskabet","status":"publish","type":"page","link":"https:\/\/help.censorum.dk\/?page_id=105","title":{"rendered":"Censorledelse"},"content":{"rendered":"\n<p>For censorledelse er der fokus p\u00e5 at sikre et nemt og overskueligt overblik over censorberetninger, bestillinger, ans\u00f8gninger og rapporter. I Censorum kan formandskabet blandt andet gennemg\u00e5 eksisterende bestillinger, l\u00e6se censorberetninger, godkende eller afvise ans\u00f8gninger og f\u00e5 adgang til rapporter om censorkorpset.<\/p>\n\n\n\n<p>Se vejledninger for censorledelse her<\/p>\n\n\n\n<ul class=\"wp-block-list\">\n<li><a href=\"https:\/\/help.censorum.dk\/?page_id=192\" data-type=\"link\" data-id=\"https:\/\/help.censorum.dk\/?page_id=192\">Ans\u00f8gningsgodkendelse<\/a><\/li>\n\n\n\n<li><a href=\"https:\/\/help.censorum.dk\/?page_id=461\" data-type=\"page\" data-id=\"241\">Bestillinger<\/a><\/li>\n<\/ul>\n","protected":false},"excerpt":{"rendered":"<p>For censorledelse er der fokus p\u00e5 at sikre et nemt og overskueligt overblik over censorberetninger, bestillinger, ans\u00f8gninger og rapporter. I Censorum kan formandskabet blandt andet gennemg\u00e5 eksisterende bestillinger, l\u00e6se censorberetninger, godkende eller afvise ans\u00f8gninger og f\u00e5 adgang til rapporter om censorkorpset. Se vejledninger for censorledelse her<\/p>\n","protected":false},"author":1,"featured_media":0,"parent":0,"menu_order":0,"comment_status":"closed","ping_status":"closed","template":"","meta":{"footnotes":""},"class_list":["post-105","page","type-page","status-publish"],"_links":{"self":[{"href":"https:\/\/help.censorum.dk\/index.php?rest_route=\/wp\/v2\/pages\/105","targetHints":{"allow":["GET"]}}],"collection":[{"href":"https:\/\/help.censorum.dk\/index.php?rest_route=\/wp\/v2\/pages"}],"about":[{"href":"https:\/\/help.censorum.dk\/index.php?rest_route=\/wp\/v2\/types\/page"}],"author":[{"embeddable":true,"href":"https:\/\/help.censorum.dk\/index.php?rest_route=\/wp\/v2\/users\/1"}],"replies":[{"embeddable":true,"href":"https:\/\/help.censorum.dk\/index.php?rest_route=%2Fwp%2Fv2%2Fcomments&post=105"}],"version-history":[{"count":11,"href":"https:\/\/help.censorum.dk\/index.php?rest_route=\/wp\/v2\/pages\/105\/revisions"}],"predecessor-version":[{"id":684,"href":"https:\/\/help.censorum.dk\/index.php?rest_route=\/wp\/v2\/pages\/105\/revisions\/684"}],"wp:attachment":[{"href":"https:\/\/help.censorum.dk\/index.php?rest_route=%2Fwp%2Fv2%2Fmedia&parent=105"}],"curies":[{"name":"wp","href":"https:\/\/api.w.org\/{rel}","templated":true}]}}