{"id":10,"date":"2025-01-21T13:25:42","date_gmt":"2025-01-21T13:25:42","guid":{"rendered":"https:\/\/help.censorum.dk\/?p=10"},"modified":"2025-01-21T13:25:42","modified_gmt":"2025-01-21T13:25:42","slug":"censorkorps","status":"publish","type":"page","link":"https:\/\/help.censorum.dk\/?page_id=10","title":{"rendered":"Censorkorps"},"content":{"rendered":"\n<h2 class=\"wp-block-heading has-large-font-size\">Opret censorkorps<\/h2>\n\n\n\n<p class=\"has-medium-font-size\">N\u00e5r du vil oprette et nyt censorkorps, skal du f\u00f8rst navigere til menuen kaldet <strong>&#8220;Censorkorps&#8221;<\/strong>. Ved at klikke p\u00e5 denne menu kommer du til oversigten over alle censorkorps. Hvis du allerede har valgt et specifikt censorkorps, vil du automatisk blive dirigeret til oversigten for det valgte censorkorps. For at vende tilbage til oversigten over alle censorkorps kan du enten bruge br\u00f8dkrummesystemet og klikke p\u00e5 <strong>&#8220;Censorkorps&#8221;<\/strong>, eller du kan \u00e6ndre det valgte censorkorps i dropdown-menuen til <strong>&#8220;Alle censorkorps&#8221;<\/strong>.<\/p>\n\n\n\n<p class=\"has-medium-font-size\">N\u00e5r du er p\u00e5 listen over alle censorkorps, vil du finde en knap, der hedder <strong>&#8220;Ny&#8221;<\/strong>, som du kan trykke p\u00e5 for at oprette et nyt censorkorps.<\/p>\n\n\n\n<p class=\"has-medium-font-size\">I n\u00e6ste trin skal du udfylde de n\u00f8dvendige oplysninger, som omfatter navnet p\u00e5 censorkorpset og en forkortelse, der kan bruges til at identificere det. Derudover skal du angive antallet af timer mellem oprettelsen og den f\u00f8rste allokering af censorer. Du skal angive, hvor mange censorer der adsp\u00f8rges ad gangen, samt minimumsantallet af dage, der skal g\u00e5 fra oprettelsesdagen til eksamensdagen. Du skal definere det maksimale antal pr\u00f8vedage for hver foresp\u00f8rgsel. Yderligere, hvor mange dage f\u00f8r eksamensdagen, at en eksamensbestilling bliver betragtet som en hastesag. Til sidst skal du v\u00e6lge, om linket til kursusbeskrivelsen er obligatorisk for censorkorpset, n\u00e5r man laver censorbestillinger.<\/p>\n\n\n\n<p class=\"has-medium-font-size\">N\u00e5r alle oplysninger er udfyldt, kan du afslutte oprettelsen ved at trykke p\u00e5 <strong>&#8220;Opret&#8221;<\/strong> for at oprette dit nye censorkorps. Informationer kan herefter \u00e6ndres ved at tilg\u00e5 censorkorpset som \u00f8nskes at \u00e6ndre, og v\u00e6lge fanebladet \u201d<strong>Ops\u00e6tning<\/strong>\u201d.<\/p>\n","protected":false},"excerpt":{"rendered":"<p>Opret censorkorps N\u00e5r du vil oprette et nyt censorkorps, skal du f\u00f8rst navigere til menuen kaldet &#8220;Censorkorps&#8221;. Ved at klikke p\u00e5 denne menu kommer du til oversigten over alle censorkorps. Hvis du allerede har valgt et specifikt censorkorps, vil du automatisk blive dirigeret til oversigten for det valgte censorkorps. For at vende tilbage til oversigten &#8230; <a title=\"Censorkorps\" class=\"read-more\" href=\"https:\/\/help.censorum.dk\/?page_id=10\" aria-label=\"Read more about Censorkorps\">Read more<\/a><\/p>\n","protected":false},"author":3,"featured_media":0,"parent":0,"menu_order":0,"comment_status":"open","ping_status":"open","template":"","meta":{"footnotes":""},"class_list":["post-10","page","type-page","status-publish"],"_links":{"self":[{"href":"https:\/\/help.censorum.dk\/index.php?rest_route=\/wp\/v2\/pages\/10","targetHints":{"allow":["GET"]}}],"collection":[{"href":"https:\/\/help.censorum.dk\/index.php?rest_route=\/wp\/v2\/pages"}],"about":[{"href":"https:\/\/help.censorum.dk\/index.php?rest_route=\/wp\/v2\/types\/page"}],"author":[{"embeddable":true,"href":"https:\/\/help.censorum.dk\/index.php?rest_route=\/wp\/v2\/users\/3"}],"replies":[{"embeddable":true,"href":"https:\/\/help.censorum.dk\/index.php?rest_route=%2Fwp%2Fv2%2Fcomments&post=10"}],"version-history":[{"count":3,"href":"https:\/\/help.censorum.dk\/index.php?rest_route=\/wp\/v2\/pages\/10\/revisions"}],"predecessor-version":[{"id":14,"href":"https:\/\/help.censorum.dk\/index.php?rest_route=\/wp\/v2\/pages\/10\/revisions\/14"}],"wp:attachment":[{"href":"https:\/\/help.censorum.dk\/index.php?rest_route=%2Fwp%2Fv2%2Fmedia&parent=10"}],"curies":[{"name":"wp","href":"https:\/\/api.w.org\/{rel}","templated":true}]}}